{"id":415,"date":"2024-05-28T16:03:33","date_gmt":"2024-05-28T14:03:33","guid":{"rendered":"https:\/\/vae-perpignan.fr\/?page_id=415"},"modified":"2025-11-14T10:36:37","modified_gmt":"2025-11-14T09:36:37","slug":"vae-em","status":"publish","type":"page","link":"https:\/\/vae-perpignan.fr\/index.php\/vae-em\/","title":{"rendered":"VAE EM"},"content":{"rendered":"<p>[et_pb_section fb_built=&#8221;1&#8243; _builder_version=&#8221;4.27.4&#8243; _module_preset=&#8221;default&#8221; background_enable_color=&#8221;off&#8221; background_image=&#8221;http:\/\/vae-perpignan.fr\/wp-content\/uploads\/2025\/11\/famille.jpg&#8221; custom_padding=&#8221;35px||35px||true|false&#8221; bottom_divider_height=&#8221;50px&#8221; hover_enabled=&#8221;0&#8243; global_colors_info=&#8221;{}&#8221; title_text=&#8221;famille&#8221; parallax=&#8221;on&#8221; sticky_enabled=&#8221;0&#8243;][et_pb_row _builder_version=&#8221;4.23.1&#8243; _module_preset=&#8221;default&#8221; global_colors_info=&#8221;{}&#8221;][et_pb_column type=&#8221;4_4&#8243; _builder_version=&#8221;4.23.1&#8243; _module_preset=&#8221;default&#8221; global_colors_info=&#8221;{}&#8221;][et_pb_text _builder_version=&#8221;4.23.1&#8243; _module_preset=&#8221;b6cb9bd8-0fbd-4699-b58d-51b3d480db23&#8243; header_2_font=&#8221;Annie Use Your Telescope|700|||||||&#8221; header_2_text_align=&#8221;center&#8221; header_2_text_color=&#8221;#FFFFFF&#8221; header_2_font_size=&#8221;79px&#8221; header_2_line_height=&#8221;1.3em&#8221; custom_margin=&#8221;||10px||false|false&#8221; header_2_font_size_tablet=&#8221;32px&#8221; header_2_font_size_phone=&#8221;20px&#8221; header_2_font_size_last_edited=&#8221;on|tablet&#8221; header_2_line_height_tablet=&#8221;1.4em&#8221; header_2_line_height_phone=&#8221;1.6em&#8221; header_2_line_height_last_edited=&#8221;on|tablet&#8221; header_2_text_shadow_style=&#8221;preset3&#8243; locked=&#8221;off&#8221; global_colors_info=&#8221;{}&#8221;]<\/p>\n<h2>VAE EM<\/h2>\n<p>[\/et_pb_text][\/et_pb_column][\/et_pb_row][\/et_pb_section][et_pb_section fb_built=&#8221;1&#8243; prev_background_color=&#8221;#ffffff&#8221; admin_label=&#8221;Services&#8221; _builder_version=&#8221;4.27.4&#8243; background_enable_color=&#8221;off&#8221; use_background_color_gradient=&#8221;on&#8221; background_color_gradient_stops=&#8221;#ffffff 56%|gcid-6e90a7ba-9f6a-49bc-b55d-b1cc4bdc49aa 80%&#8221; background_color_gradient_start=&#8221;#fff6ef&#8221; background_color_gradient_end=&#8221;#ffffff&#8221; background_enable_image=&#8221;off&#8221; background_size=&#8221;initial&#8221; background_position=&#8221;bottom_center&#8221; custom_padding=&#8221;4vw|||||&#8221; top_divider_style=&#8221;wave&#8221; top_divider_height=&#8221;20vw&#8221; hover_enabled=&#8221;0&#8243; global_colors_info=&#8221;{%22gcid-93bd27be-ee8c-4a4c-b05e-12d423f44edd%22:%91%22background_color%22%93,%22gcid-6e90a7ba-9f6a-49bc-b55d-b1cc4bdc49aa%22:%91%22background_color_gradient_stops%22%93}&#8221; sticky_enabled=&#8221;0&#8243;][et_pb_row _builder_version=&#8221;4.16&#8243; custom_padding=&#8221;65px||0px|||&#8221; global_colors_info=&#8221;{}&#8221;][et_pb_column type=&#8221;4_4&#8243; _builder_version=&#8221;4.16&#8243; custom_padding=&#8221;|||&#8221; global_colors_info=&#8221;{}&#8221; custom_padding__hover=&#8221;|||&#8221;][et_pb_text _builder_version=&#8221;4.27.4&#8243; _module_preset=&#8221;b6cb9bd8-0fbd-4699-b58d-51b3d480db23&#8243; header_2_font=&#8221;Poppins|600|||||||&#8221; header_2_text_color=&#8221;#FFFFFF&#8221; header_2_font_size=&#8221;30px&#8221; header_2_line_height=&#8221;1.3em&#8221; custom_margin=&#8221;||10px||false|false&#8221; hover_enabled=&#8221;0&#8243; header_2_font_size_tablet=&#8221;32px&#8221; header_2_font_size_phone=&#8221;20px&#8221; header_2_font_size_last_edited=&#8221;on|tablet&#8221; header_2_line_height_tablet=&#8221;1.4em&#8221; header_2_line_height_phone=&#8221;1.6em&#8221; header_2_line_height_last_edited=&#8221;on|tablet&#8221; header_2_text_shadow_style=&#8221;preset2&#8243; locked=&#8221;off&#8221; global_colors_info=&#8221;{%22gcid-5fc09de2-a372-49da-9db2-141c6c98b008%22:%91%22background_color%22%93}&#8221; background_color=&#8221;gcid-5fc09de2-a372-49da-9db2-141c6c98b008&#8243; custom_padding=&#8221;10px|10px|10px|10px|true|true&#8221; sticky_enabled=&#8221;0&#8243;]<\/p>\n<h2>VAE pour le Titre Professionnel d&#8217;Employ\u00e9(e) Familial(e) (TP EF) : Valorisez votre exp\u00e9rience et donnez un nouvel \u00e9lan \u00e0 votre carri\u00e8re !<\/h2>\n<p>[\/et_pb_text][\/et_pb_column][\/et_pb_row][et_pb_row _builder_version=&#8221;4.27.4&#8243; background_color=&#8221;#ffffff&#8221; background_size=&#8221;initial&#8221; background_position=&#8221;bottom_right&#8221; custom_padding=&#8221;36px|30px|31px|30px|false|true&#8221; hover_enabled=&#8221;0&#8243; border_radii=&#8221;|10px|10px||&#8221; box_shadow_style=&#8221;preset3&#8243; box_shadow_vertical=&#8221;90px&#8221; box_shadow_blur=&#8221;180px&#8221; box_shadow_spread=&#8221;-30px&#8221; box_shadow_color=&#8221;rgba(0,0,0,0.12)&#8221; global_colors_info=&#8221;{}&#8221; sticky_enabled=&#8221;0&#8243;][et_pb_column type=&#8221;4_4&#8243; _builder_version=&#8221;4.16&#8243; custom_padding=&#8221;|||&#8221; global_colors_info=&#8221;{}&#8221; custom_padding__hover=&#8221;|||&#8221;][et_pb_text _builder_version=&#8221;4.23.1&#8243; _module_preset=&#8221;default&#8221; text_font=&#8221;Poppins||||||||&#8221; text_text_color=&#8221;#000000&#8243; text_font_size=&#8221;15px&#8221; global_colors_info=&#8221;{}&#8221;]Vous exercez le m\u00e9tier d&#8217;employ\u00e9(e) familial(e) depuis plusieurs ann\u00e9es et souhaitez obtenir la reconnaissance officielle de vos comp\u00e9tences ? La Validation des Acquis de l&#8217;Exp\u00e9rience (VAE) est la solution id\u00e9ale pour vous ! Cette d\u00e9marche vous permet d&#8217;obtenir le TP EF sans avoir \u00e0 suivre la formation initiale.<\/p>\n<p>Medeo Formation vous accompagne dans votre projet VAE et vous guide vers la r\u00e9ussite.<\/p>\n<p>L&#8217;employ\u00e9(e) familial(e) intervient au domicile d&#8217;une personne \u00e2g\u00e9e, en situation de handicap ou de maladie, pour l&#8217;aider \u00e0 accomplir les actes essentiels de la vie quotidienne et lui apporter un soutien moral et social. Il (elle) assure l&#8217;entretien du cadre de vie, la pr\u00e9paration des repas, l&#8217;aide \u00e0 la toilette, \u00e0 l&#8217;habillage et aux courses. Ce m\u00e9tier exigeant et humain n\u00e9cessite des qualit\u00e9s relationnelles ind\u00e9niables, une patience exemplaire et un sens aigu de l&#8217;adaptation.<\/p>\n<p>L&#8217;employ\u00e9(e) familial(e) titulaire du TP EF intervient au domicile d&#8217;une personne \u00e2g\u00e9e, en situation de handicap ou de maladie, pour l&#8217;aider \u00e0 accomplir les actes essentiels de la vie quotidienne et lui apporter un soutien moral et social.<\/p>\n<p>Ses missions sont multiples et vari\u00e9es :<br \/>\nAide \u00e0 la personne<br \/>\nEntretien du cadre de vie<br \/>\nSoutien moral et social<\/p>\n<p>L&#8217;employ\u00e9(e) familial(e) doit faire preuve de :<br \/>\nQualit\u00e9s relationnelles et humaines<br \/>\nPatience et bienveillance<br \/>\nSens de l&#8217;adaptation et de l&#8217;organisation<br \/>\nDiscr\u00e9tion et respect de la vie priv\u00e9e<br \/>\nCapacit\u00e9 \u00e0 travailler en \u00e9quipe<\/p>\n<p>Le m\u00e9tier d&#8217;employ\u00e9(e) familial(e) est un m\u00e9tier exigeant et responsabilisant, mais il est aussi tr\u00e8s gratifiant. Il permet de contribuer au maintien \u00e0 domicile des personnes fragilis\u00e9es et d&#8217;am\u00e9liorer leur qualit\u00e9 de vie.<\/p>\n<p>Medeo Formation, votre partenaire pour une VAE r\u00e9ussie<\/p>\n<p>Donnez un nouveau souffle \u00e0 votre carri\u00e8re d&#8217;employ\u00e9(e) familial(e) ! Contactez Medeo Formation d\u00e8s aujourd&#8217;hui et b\u00e9n\u00e9ficiez d&#8217;un accompagnement VAE performant pour obtenir le TPEF qui valorisera votre expertise et vos comp\u00e9tences.<\/p>\n<p>Medeo Formation, votre partenaire de confiance pour une VAE r\u00e9ussie et une carri\u00e8re d&#8217;employ\u00e9(e) familial(e) \u00e9panouissante ![\/et_pb_text][\/et_pb_column][\/et_pb_row][\/et_pb_section]<\/p>\n","protected":false},"excerpt":{"rendered":"<p>VAE EMVAE pour le Titre Professionnel d&#8217;Employ\u00e9(e) Familial(e) (TP EF) : Valorisez votre exp\u00e9rience et donnez un nouvel \u00e9lan \u00e0 votre carri\u00e8re !Vous exercez le m\u00e9tier d&#8217;employ\u00e9(e) familial(e) depuis plusieurs ann\u00e9es et souhaitez obtenir la reconnaissance officielle de vos comp\u00e9tences ? La Validation des Acquis de l&#8217;Exp\u00e9rience (VAE) est la solution id\u00e9ale pour vous ! [&hellip;]<\/p>\n","protected":false},"author":1,"featured_media":0,"parent":0,"menu_order":0,"comment_status":"closed","ping_status":"closed","template":"","meta":{"_et_pb_use_builder":"on","_et_pb_old_content":"","_et_gb_content_width":"","footnotes":""},"class_list":["post-415","page","type-page","status-publish","hentry"],"yoast_head":"<!-- This site is optimized with the Yoast SEO plugin v27.3 - https:\/\/yoast.com\/product\/yoast-seo-wordpress\/ -->\n<title>VAE EM - VAE PERPIGNAN<\/title>\n<meta name=\"robots\" content=\"index, follow, max-snippet:-1, max-image-preview:large, max-video-preview:-1\" \/>\n<link rel=\"canonical\" href=\"https:\/\/vae-perpignan.fr\/index.php\/vae-em\/\" \/>\n<meta property=\"og:locale\" content=\"en_US\" \/>\n<meta property=\"og:type\" content=\"article\" \/>\n<meta property=\"og:title\" content=\"VAE EM - VAE PERPIGNAN\" \/>\n<meta property=\"og:description\" content=\"VAE EMVAE pour le Titre Professionnel d&#039;Employ\u00e9(e) Familial(e) (TP EF) : Valorisez votre exp\u00e9rience et donnez un nouvel \u00e9lan \u00e0 votre carri\u00e8re !Vous exercez le m\u00e9tier d&#039;employ\u00e9(e) familial(e) depuis plusieurs ann\u00e9es et souhaitez obtenir la reconnaissance officielle de vos comp\u00e9tences ? La Validation des Acquis de l&#039;Exp\u00e9rience (VAE) est la solution id\u00e9ale pour vous ! [&hellip;]\" \/>\n<meta property=\"og:url\" content=\"https:\/\/vae-perpignan.fr\/index.php\/vae-em\/\" \/>\n<meta property=\"og:site_name\" content=\"VAE PERPIGNAN\" \/>\n<meta property=\"article:modified_time\" content=\"2025-11-14T09:36:37+00:00\" \/>\n<script type=\"application\/ld+json\" class=\"yoast-schema-graph\">{\"@context\":\"https:\\\/\\\/schema.org\",\"@graph\":[{\"@type\":\"WebPage\",\"@id\":\"https:\\\/\\\/vae-perpignan.fr\\\/index.php\\\/vae-em\\\/\",\"url\":\"https:\\\/\\\/vae-perpignan.fr\\\/index.php\\\/vae-em\\\/\",\"name\":\"VAE EM - VAE PERPIGNAN\",\"isPartOf\":{\"@id\":\"https:\\\/\\\/vae-perpignan.fr\\\/#website\"},\"datePublished\":\"2024-05-28T14:03:33+00:00\",\"dateModified\":\"2025-11-14T09:36:37+00:00\",\"breadcrumb\":{\"@id\":\"https:\\\/\\\/vae-perpignan.fr\\\/index.php\\\/vae-em\\\/#breadcrumb\"},\"inLanguage\":\"en-US\",\"potentialAction\":[{\"@type\":\"ReadAction\",\"target\":[\"https:\\\/\\\/vae-perpignan.fr\\\/index.php\\\/vae-em\\\/\"]}]},{\"@type\":\"BreadcrumbList\",\"@id\":\"https:\\\/\\\/vae-perpignan.fr\\\/index.php\\\/vae-em\\\/#breadcrumb\",\"itemListElement\":[{\"@type\":\"ListItem\",\"position\":1,\"name\":\"Accueil\",\"item\":\"https:\\\/\\\/vae-perpignan.fr\\\/\"},{\"@type\":\"ListItem\",\"position\":2,\"name\":\"VAE EM\"}]},{\"@type\":\"WebSite\",\"@id\":\"https:\\\/\\\/vae-perpignan.fr\\\/#website\",\"url\":\"https:\\\/\\\/vae-perpignan.fr\\\/\",\"name\":\"VAE PERPIGNAN\",\"description\":\"Validation des acquis\",\"publisher\":{\"@id\":\"https:\\\/\\\/vae-perpignan.fr\\\/#organization\"},\"potentialAction\":[{\"@type\":\"SearchAction\",\"target\":{\"@type\":\"EntryPoint\",\"urlTemplate\":\"https:\\\/\\\/vae-perpignan.fr\\\/?s={search_term_string}\"},\"query-input\":{\"@type\":\"PropertyValueSpecification\",\"valueRequired\":true,\"valueName\":\"search_term_string\"}}],\"inLanguage\":\"en-US\"},{\"@type\":\"Organization\",\"@id\":\"https:\\\/\\\/vae-perpignan.fr\\\/#organization\",\"name\":\"VAE PERPIGNAN\",\"url\":\"https:\\\/\\\/vae-perpignan.fr\\\/\",\"logo\":{\"@type\":\"ImageObject\",\"inLanguage\":\"en-US\",\"@id\":\"https:\\\/\\\/vae-perpignan.fr\\\/#\\\/schema\\\/logo\\\/image\\\/\",\"url\":\"https:\\\/\\\/vae-perpignan.fr\\\/wp-content\\\/uploads\\\/2025\\\/11\\\/logo.jpg\",\"contentUrl\":\"https:\\\/\\\/vae-perpignan.fr\\\/wp-content\\\/uploads\\\/2025\\\/11\\\/logo.jpg\",\"width\":512,\"height\":512,\"caption\":\"VAE PERPIGNAN\"},\"image\":{\"@id\":\"https:\\\/\\\/vae-perpignan.fr\\\/#\\\/schema\\\/logo\\\/image\\\/\"}}]}<\/script>\n<!-- \/ Yoast SEO plugin. -->","yoast_head_json":{"title":"VAE EM - VAE PERPIGNAN","robots":{"index":"index","follow":"follow","max-snippet":"max-snippet:-1","max-image-preview":"max-image-preview:large","max-video-preview":"max-video-preview:-1"},"canonical":"https:\/\/vae-perpignan.fr\/index.php\/vae-em\/","og_locale":"en_US","og_type":"article","og_title":"VAE EM - VAE PERPIGNAN","og_description":"VAE EMVAE pour le Titre Professionnel d'Employ\u00e9(e) Familial(e) (TP EF) : Valorisez votre exp\u00e9rience et donnez un nouvel \u00e9lan \u00e0 votre carri\u00e8re !Vous exercez le m\u00e9tier d'employ\u00e9(e) familial(e) depuis plusieurs ann\u00e9es et souhaitez obtenir la reconnaissance officielle de vos comp\u00e9tences ? La Validation des Acquis de l'Exp\u00e9rience (VAE) est la solution id\u00e9ale pour vous ! [&hellip;]","og_url":"https:\/\/vae-perpignan.fr\/index.php\/vae-em\/","og_site_name":"VAE PERPIGNAN","article_modified_time":"2025-11-14T09:36:37+00:00","schema":{"@context":"https:\/\/schema.org","@graph":[{"@type":"WebPage","@id":"https:\/\/vae-perpignan.fr\/index.php\/vae-em\/","url":"https:\/\/vae-perpignan.fr\/index.php\/vae-em\/","name":"VAE EM - VAE PERPIGNAN","isPartOf":{"@id":"https:\/\/vae-perpignan.fr\/#website"},"datePublished":"2024-05-28T14:03:33+00:00","dateModified":"2025-11-14T09:36:37+00:00","breadcrumb":{"@id":"https:\/\/vae-perpignan.fr\/index.php\/vae-em\/#breadcrumb"},"inLanguage":"en-US","potentialAction":[{"@type":"ReadAction","target":["https:\/\/vae-perpignan.fr\/index.php\/vae-em\/"]}]},{"@type":"BreadcrumbList","@id":"https:\/\/vae-perpignan.fr\/index.php\/vae-em\/#breadcrumb","itemListElement":[{"@type":"ListItem","position":1,"name":"Accueil","item":"https:\/\/vae-perpignan.fr\/"},{"@type":"ListItem","position":2,"name":"VAE EM"}]},{"@type":"WebSite","@id":"https:\/\/vae-perpignan.fr\/#website","url":"https:\/\/vae-perpignan.fr\/","name":"VAE PERPIGNAN","description":"Validation des acquis","publisher":{"@id":"https:\/\/vae-perpignan.fr\/#organization"},"potentialAction":[{"@type":"SearchAction","target":{"@type":"EntryPoint","urlTemplate":"https:\/\/vae-perpignan.fr\/?s={search_term_string}"},"query-input":{"@type":"PropertyValueSpecification","valueRequired":true,"valueName":"search_term_string"}}],"inLanguage":"en-US"},{"@type":"Organization","@id":"https:\/\/vae-perpignan.fr\/#organization","name":"VAE PERPIGNAN","url":"https:\/\/vae-perpignan.fr\/","logo":{"@type":"ImageObject","inLanguage":"en-US","@id":"https:\/\/vae-perpignan.fr\/#\/schema\/logo\/image\/","url":"https:\/\/vae-perpignan.fr\/wp-content\/uploads\/2025\/11\/logo.jpg","contentUrl":"https:\/\/vae-perpignan.fr\/wp-content\/uploads\/2025\/11\/logo.jpg","width":512,"height":512,"caption":"VAE PERPIGNAN"},"image":{"@id":"https:\/\/vae-perpignan.fr\/#\/schema\/logo\/image\/"}}]}},"_links":{"self":[{"href":"https:\/\/vae-perpignan.fr\/index.php\/wp-json\/wp\/v2\/pages\/415","targetHints":{"allow":["GET"]}}],"collection":[{"href":"https:\/\/vae-perpignan.fr\/index.php\/wp-json\/wp\/v2\/pages"}],"about":[{"href":"https:\/\/vae-perpignan.fr\/index.php\/wp-json\/wp\/v2\/types\/page"}],"author":[{"embeddable":true,"href":"https:\/\/vae-perpignan.fr\/index.php\/wp-json\/wp\/v2\/users\/1"}],"replies":[{"embeddable":true,"href":"https:\/\/vae-perpignan.fr\/index.php\/wp-json\/wp\/v2\/comments?post=415"}],"version-history":[{"count":5,"href":"https:\/\/vae-perpignan.fr\/index.php\/wp-json\/wp\/v2\/pages\/415\/revisions"}],"predecessor-version":[{"id":987511807,"href":"https:\/\/vae-perpignan.fr\/index.php\/wp-json\/wp\/v2\/pages\/415\/revisions\/987511807"}],"wp:attachment":[{"href":"https:\/\/vae-perpignan.fr\/index.php\/wp-json\/wp\/v2\/media?parent=415"}],"curies":[{"name":"wp","href":"https:\/\/api.w.org\/{rel}","templated":true}]}}