{"id":355,"date":"2024-05-28T10:15:25","date_gmt":"2024-05-28T08:15:25","guid":{"rendered":"https:\/\/vae-perpignan.fr\/?page_id=355"},"modified":"2025-11-14T10:54:51","modified_gmt":"2025-11-14T09:54:51","slug":"la-vae-pour-le-tp-adf-diplome-detat-dassistant-de-vie-aux-familles","status":"publish","type":"page","link":"https:\/\/vae-perpignan.fr\/index.php\/la-vae-pour-le-tp-adf-diplome-detat-dassistant-de-vie-aux-familles\/","title":{"rendered":"La VAE pour le TP ADF (Dipl\u00f4me d&#8217;\u00c9tat d&#8217;Assistant de Vie aux Familles)"},"content":{"rendered":"<p>[et_pb_section fb_built=&#8221;1&#8243; _builder_version=&#8221;4.27.4&#8243; _module_preset=&#8221;default&#8221; background_enable_color=&#8221;off&#8221; background_image=&#8221;http:\/\/vae-perpignan.fr\/wp-content\/uploads\/2025\/11\/asvd.jpeg&#8221; custom_padding=&#8221;35px||35px||true|false&#8221; bottom_divider_height=&#8221;50px&#8221; hover_enabled=&#8221;0&#8243; global_colors_info=&#8221;{}&#8221; title_text=&#8221;asvd&#8221; parallax=&#8221;on&#8221; sticky_enabled=&#8221;0&#8243;][et_pb_row _builder_version=&#8221;4.23.1&#8243; _module_preset=&#8221;default&#8221; global_colors_info=&#8221;{}&#8221;][et_pb_column type=&#8221;4_4&#8243; _builder_version=&#8221;4.23.1&#8243; _module_preset=&#8221;default&#8221; global_colors_info=&#8221;{}&#8221;][et_pb_text _builder_version=&#8221;4.23.1&#8243; _module_preset=&#8221;b6cb9bd8-0fbd-4699-b58d-51b3d480db23&#8243; header_2_font=&#8221;Annie Use Your Telescope|700|||||||&#8221; header_2_text_align=&#8221;center&#8221; header_2_text_color=&#8221;#FFFFFF&#8221; header_2_font_size=&#8221;100px&#8221; header_2_line_height=&#8221;1.3em&#8221; custom_margin=&#8221;||10px||false|false&#8221; header_2_font_size_tablet=&#8221;32px&#8221; header_2_font_size_phone=&#8221;20px&#8221; header_2_font_size_last_edited=&#8221;on|tablet&#8221; header_2_line_height_tablet=&#8221;1.4em&#8221; header_2_line_height_phone=&#8221;1.6em&#8221; header_2_line_height_last_edited=&#8221;on|tablet&#8221; header_2_text_shadow_style=&#8221;preset3&#8243; locked=&#8221;off&#8221; global_colors_info=&#8221;{}&#8221;]<\/p>\n<h2>Assistant de vie aux familles<br \/>\n<\/h2>\n<p>[\/et_pb_text][\/et_pb_column][\/et_pb_row][\/et_pb_section][et_pb_section fb_built=&#8221;1&#8243; prev_background_color=&#8221;#ffffff&#8221; admin_label=&#8221;Services&#8221; _builder_version=&#8221;4.27.4&#8243; background_enable_color=&#8221;off&#8221; use_background_color_gradient=&#8221;on&#8221; background_color_gradient_stops=&#8221;#ffffff 56%|gcid-6e90a7ba-9f6a-49bc-b55d-b1cc4bdc49aa 80%&#8221; background_color_gradient_start=&#8221;#fff6ef&#8221; background_color_gradient_end=&#8221;#ffffff&#8221; background_enable_image=&#8221;off&#8221; background_size=&#8221;initial&#8221; background_position=&#8221;bottom_center&#8221; custom_padding=&#8221;4vw|||||&#8221; top_divider_style=&#8221;wave&#8221; top_divider_height=&#8221;20vw&#8221; hover_enabled=&#8221;0&#8243; global_colors_info=&#8221;{%22gcid-93bd27be-ee8c-4a4c-b05e-12d423f44edd%22:%91%22background_color%22%93,%22gcid-6e90a7ba-9f6a-49bc-b55d-b1cc4bdc49aa%22:%91%22background_color_gradient_stops%22%93}&#8221; sticky_enabled=&#8221;0&#8243;][et_pb_row _builder_version=&#8221;4.27.4&#8243; custom_padding=&#8221;10px|10px|10px|10px|true|true&#8221; hover_enabled=&#8221;0&#8243; global_colors_info=&#8221;{%22gcid-5fc09de2-a372-49da-9db2-141c6c98b008%22:%91%22background_color%22%93}&#8221; background_color=&#8221;gcid-5fc09de2-a372-49da-9db2-141c6c98b008&#8243; sticky_enabled=&#8221;0&#8243;][et_pb_column type=&#8221;4_4&#8243; _builder_version=&#8221;4.16&#8243; custom_padding=&#8221;|||&#8221; global_colors_info=&#8221;{}&#8221; custom_padding__hover=&#8221;|||&#8221;][et_pb_text _builder_version=&#8221;4.27.4&#8243; _module_preset=&#8221;b6cb9bd8-0fbd-4699-b58d-51b3d480db23&#8243; header_2_font=&#8221;Poppins|600|||||||&#8221; header_2_text_color=&#8221;#FFFFFF&#8221; header_2_font_size=&#8221;30px&#8221; header_2_line_height=&#8221;1.3em&#8221; custom_margin=&#8221;||10px||false|false&#8221; hover_enabled=&#8221;0&#8243; header_2_font_size_tablet=&#8221;32px&#8221; header_2_font_size_phone=&#8221;20px&#8221; header_2_font_size_last_edited=&#8221;on|tablet&#8221; header_2_line_height_tablet=&#8221;1.4em&#8221; header_2_line_height_phone=&#8221;1.6em&#8221; header_2_line_height_last_edited=&#8221;on|tablet&#8221; header_2_text_shadow_style=&#8221;preset2&#8243; locked=&#8221;off&#8221; global_colors_info=&#8221;{}&#8221; sticky_enabled=&#8221;0&#8243;]<\/p>\n<h2>La VAE pour le TP ADF (Dipl\u00f4me d&#8217;\u00c9tat d&#8217;Assistant de Vie aux Familles)<\/h2>\n<p>[\/et_pb_text][\/et_pb_column][\/et_pb_row][et_pb_row _builder_version=&#8221;4.27.4&#8243; background_color=&#8221;#ffffff&#8221; background_size=&#8221;initial&#8221; background_position=&#8221;bottom_right&#8221; custom_padding=&#8221;36px|30px|31px|30px|false|true&#8221; hover_enabled=&#8221;0&#8243; border_radii=&#8221;|10px|10px||&#8221; box_shadow_style=&#8221;preset3&#8243; box_shadow_vertical=&#8221;90px&#8221; box_shadow_blur=&#8221;180px&#8221; box_shadow_spread=&#8221;-30px&#8221; box_shadow_color=&#8221;rgba(0,0,0,0.12)&#8221; global_colors_info=&#8221;{}&#8221; sticky_enabled=&#8221;0&#8243;][et_pb_column type=&#8221;4_4&#8243; _builder_version=&#8221;4.16&#8243; custom_padding=&#8221;|||&#8221; global_colors_info=&#8221;{}&#8221; custom_padding__hover=&#8221;|||&#8221;][et_pb_text _builder_version=&#8221;4.23.1&#8243; _module_preset=&#8221;default&#8221; text_font=&#8221;Poppins||||||||&#8221; text_text_color=&#8221;#000000&#8243; text_font_size=&#8221;15px&#8221; global_colors_info=&#8221;{}&#8221;]Vous \u00eates Assistant de Vie aux Familles (ADVF) et souhaitez obtenir le TP ADVF sans passer par la formation initiale ? La Validation des Acquis de l&#8217;Exp\u00e9rience (VAE) est la solution pour vous !<\/p>\n<p>Medeo Formation vous accompagne dans votre d\u00e9marche VAE TP ADVF et vous met toutes les chances de votre c\u00f4t\u00e9 pour r\u00e9ussir.<\/p>\n<p>Le TP ADVF : un dipl\u00f4me reconnu pour un m\u00e9tier porteur de sens.<\/p>\n<p>Le TP ADVF est un dipl\u00f4me d&#8217;\u00c9tat de niveau 3 qui atteste des comp\u00e9tences n\u00e9cessaires pour accompagner des personnes de tous \u00e2ges en situation de handicap ou de d\u00e9pendance, \u00e0 domicile. Les AVF interviennent aupr\u00e8s des familles pour les aider \u00e0 g\u00e9rer les actes quotidiens de la vie, \u00e0 favoriser l&#8217;autonomie des personnes accompagn\u00e9es et \u00e0 maintenir leur lien social.<\/p>\n<p>L&#8217;Assistant de Vie aux Familles (ADVF) intervient aupr\u00e8s des familles pour les aider \u00e0 g\u00e9rer les actes quotidiens de la vie, \u00e0 favoriser l&#8217;autonomie des personnes accompagn\u00e9es et \u00e0 maintenir leur lien social.<\/p>\n<p>Voici les principales missions de l&#8217;Assistant de Vie aux Familles :<br \/>\nAide \u00e0 la vie quotidienne<br \/>\nSoutien psychologique et social<br \/>\nEntretien du cadre de vie<br \/>\nRespect des r\u00e8gles d&#8217;hygi\u00e8ne et de s\u00e9curit\u00e9<\/p>\n<p>L&#8217;Assistant de Vie aux Familles est un professionnel de l&#8217;aide \u00e0 domicile qui joue un r\u00f4le essentiel dans le maintien de l&#8217;autonomie des personnes en situation de handicap ou de d\u00e9pendance et dans le soutien de leurs familles. Il est dot\u00e9 de comp\u00e9tences humaines et relationnelles, d&#8217;un sens de l&#8217;observation et d&#8217;une capacit\u00e9 \u00e0 travailler en \u00e9quipe.<\/p>\n<p>Donnez un nouvel \u00e9lan \u00e0 votre carri\u00e8re ! Contactez Medeo Formation d\u00e8s aujourd&#8217;hui et b\u00e9n\u00e9ficiez d&#8217;un accompagnement VAE efficace pour obtenir votre TP ADVF.<\/p>\n<p>La VAE TP ADVF : valorisez votre exp\u00e9rience professionnelle<\/p>\n<p>Medeo Formation : votre partenaire pour une VAE TP ADVF r\u00e9ussie<\/p>\n<p>Medeo Formation, la cl\u00e9 de votre r\u00e9ussite dans la VAE TP ADVF ![\/et_pb_text][\/et_pb_column][\/et_pb_row][\/et_pb_section]<\/p>\n","protected":false},"excerpt":{"rendered":"<p>Assistant de vie aux familles La VAE pour le TP ADF (Dipl\u00f4me d&#8217;\u00c9tat d&#8217;Assistant de Vie aux Familles)Vous \u00eates Assistant de Vie aux Familles (ADVF) et souhaitez obtenir le TP ADVF sans passer par la formation initiale ? La Validation des Acquis de l&#8217;Exp\u00e9rience (VAE) est la solution pour vous ! Medeo Formation vous accompagne [&hellip;]<\/p>\n","protected":false},"author":1,"featured_media":0,"parent":0,"menu_order":0,"comment_status":"closed","ping_status":"closed","template":"","meta":{"_et_pb_use_builder":"on","_et_pb_old_content":"","_et_gb_content_width":"","footnotes":""},"class_list":["post-355","page","type-page","status-publish","hentry"],"yoast_head":"<!-- This site is optimized with the Yoast SEO plugin v27.3 - https:\/\/yoast.com\/product\/yoast-seo-wordpress\/ -->\n<title>La VAE pour le TP ADF (Dipl\u00f4me d&#039;\u00c9tat d&#039;Assistant de Vie aux Familles) - VAE PERPIGNAN<\/title>\n<meta name=\"robots\" content=\"index, follow, max-snippet:-1, max-image-preview:large, max-video-preview:-1\" \/>\n<link rel=\"canonical\" href=\"https:\/\/vae-perpignan.fr\/index.php\/la-vae-pour-le-tp-adf-diplome-detat-dassistant-de-vie-aux-familles\/\" \/>\n<meta property=\"og:locale\" content=\"en_US\" \/>\n<meta property=\"og:type\" content=\"article\" \/>\n<meta property=\"og:title\" content=\"La VAE pour le TP ADF (Dipl\u00f4me d&#039;\u00c9tat d&#039;Assistant de Vie aux Familles) - VAE PERPIGNAN\" \/>\n<meta property=\"og:description\" content=\"Assistant de vie aux familles La VAE pour le TP ADF (Dipl\u00f4me d&#039;\u00c9tat d&#039;Assistant de Vie aux Familles)Vous \u00eates Assistant de Vie aux Familles (ADVF) et souhaitez obtenir le TP ADVF sans passer par la formation initiale ? La Validation des Acquis de l&#039;Exp\u00e9rience (VAE) est la solution pour vous ! Medeo Formation vous accompagne [&hellip;]\" \/>\n<meta property=\"og:url\" content=\"https:\/\/vae-perpignan.fr\/index.php\/la-vae-pour-le-tp-adf-diplome-detat-dassistant-de-vie-aux-familles\/\" \/>\n<meta property=\"og:site_name\" content=\"VAE PERPIGNAN\" \/>\n<meta property=\"article:modified_time\" content=\"2025-11-14T09:54:51+00:00\" \/>\n<script type=\"application\/ld+json\" class=\"yoast-schema-graph\">{\"@context\":\"https:\\\/\\\/schema.org\",\"@graph\":[{\"@type\":\"WebPage\",\"@id\":\"https:\\\/\\\/vae-perpignan.fr\\\/index.php\\\/la-vae-pour-le-tp-adf-diplome-detat-dassistant-de-vie-aux-familles\\\/\",\"url\":\"https:\\\/\\\/vae-perpignan.fr\\\/index.php\\\/la-vae-pour-le-tp-adf-diplome-detat-dassistant-de-vie-aux-familles\\\/\",\"name\":\"La VAE pour le TP ADF (Dipl\u00f4me d'\u00c9tat d'Assistant de Vie aux Familles) - VAE PERPIGNAN\",\"isPartOf\":{\"@id\":\"https:\\\/\\\/vae-perpignan.fr\\\/#website\"},\"datePublished\":\"2024-05-28T08:15:25+00:00\",\"dateModified\":\"2025-11-14T09:54:51+00:00\",\"breadcrumb\":{\"@id\":\"https:\\\/\\\/vae-perpignan.fr\\\/index.php\\\/la-vae-pour-le-tp-adf-diplome-detat-dassistant-de-vie-aux-familles\\\/#breadcrumb\"},\"inLanguage\":\"en-US\",\"potentialAction\":[{\"@type\":\"ReadAction\",\"target\":[\"https:\\\/\\\/vae-perpignan.fr\\\/index.php\\\/la-vae-pour-le-tp-adf-diplome-detat-dassistant-de-vie-aux-familles\\\/\"]}]},{\"@type\":\"BreadcrumbList\",\"@id\":\"https:\\\/\\\/vae-perpignan.fr\\\/index.php\\\/la-vae-pour-le-tp-adf-diplome-detat-dassistant-de-vie-aux-familles\\\/#breadcrumb\",\"itemListElement\":[{\"@type\":\"ListItem\",\"position\":1,\"name\":\"Accueil\",\"item\":\"https:\\\/\\\/vae-perpignan.fr\\\/\"},{\"@type\":\"ListItem\",\"position\":2,\"name\":\"La VAE pour le TP ADF (Dipl\u00f4me d&rsquo;\u00c9tat d&rsquo;Assistant de Vie aux Familles)\"}]},{\"@type\":\"WebSite\",\"@id\":\"https:\\\/\\\/vae-perpignan.fr\\\/#website\",\"url\":\"https:\\\/\\\/vae-perpignan.fr\\\/\",\"name\":\"VAE PERPIGNAN\",\"description\":\"Validation des acquis\",\"publisher\":{\"@id\":\"https:\\\/\\\/vae-perpignan.fr\\\/#organization\"},\"potentialAction\":[{\"@type\":\"SearchAction\",\"target\":{\"@type\":\"EntryPoint\",\"urlTemplate\":\"https:\\\/\\\/vae-perpignan.fr\\\/?s={search_term_string}\"},\"query-input\":{\"@type\":\"PropertyValueSpecification\",\"valueRequired\":true,\"valueName\":\"search_term_string\"}}],\"inLanguage\":\"en-US\"},{\"@type\":\"Organization\",\"@id\":\"https:\\\/\\\/vae-perpignan.fr\\\/#organization\",\"name\":\"VAE PERPIGNAN\",\"url\":\"https:\\\/\\\/vae-perpignan.fr\\\/\",\"logo\":{\"@type\":\"ImageObject\",\"inLanguage\":\"en-US\",\"@id\":\"https:\\\/\\\/vae-perpignan.fr\\\/#\\\/schema\\\/logo\\\/image\\\/\",\"url\":\"https:\\\/\\\/vae-perpignan.fr\\\/wp-content\\\/uploads\\\/2025\\\/11\\\/logo.jpg\",\"contentUrl\":\"https:\\\/\\\/vae-perpignan.fr\\\/wp-content\\\/uploads\\\/2025\\\/11\\\/logo.jpg\",\"width\":512,\"height\":512,\"caption\":\"VAE PERPIGNAN\"},\"image\":{\"@id\":\"https:\\\/\\\/vae-perpignan.fr\\\/#\\\/schema\\\/logo\\\/image\\\/\"}}]}<\/script>\n<!-- \/ Yoast SEO plugin. -->","yoast_head_json":{"title":"La VAE pour le TP ADF (Dipl\u00f4me d'\u00c9tat d'Assistant de Vie aux Familles) - VAE PERPIGNAN","robots":{"index":"index","follow":"follow","max-snippet":"max-snippet:-1","max-image-preview":"max-image-preview:large","max-video-preview":"max-video-preview:-1"},"canonical":"https:\/\/vae-perpignan.fr\/index.php\/la-vae-pour-le-tp-adf-diplome-detat-dassistant-de-vie-aux-familles\/","og_locale":"en_US","og_type":"article","og_title":"La VAE pour le TP ADF (Dipl\u00f4me d'\u00c9tat d'Assistant de Vie aux Familles) - VAE PERPIGNAN","og_description":"Assistant de vie aux familles La VAE pour le TP ADF (Dipl\u00f4me d'\u00c9tat d'Assistant de Vie aux Familles)Vous \u00eates Assistant de Vie aux Familles (ADVF) et souhaitez obtenir le TP ADVF sans passer par la formation initiale ? La Validation des Acquis de l'Exp\u00e9rience (VAE) est la solution pour vous ! Medeo Formation vous accompagne [&hellip;]","og_url":"https:\/\/vae-perpignan.fr\/index.php\/la-vae-pour-le-tp-adf-diplome-detat-dassistant-de-vie-aux-familles\/","og_site_name":"VAE PERPIGNAN","article_modified_time":"2025-11-14T09:54:51+00:00","schema":{"@context":"https:\/\/schema.org","@graph":[{"@type":"WebPage","@id":"https:\/\/vae-perpignan.fr\/index.php\/la-vae-pour-le-tp-adf-diplome-detat-dassistant-de-vie-aux-familles\/","url":"https:\/\/vae-perpignan.fr\/index.php\/la-vae-pour-le-tp-adf-diplome-detat-dassistant-de-vie-aux-familles\/","name":"La VAE pour le TP ADF (Dipl\u00f4me d'\u00c9tat d'Assistant de Vie aux Familles) - VAE PERPIGNAN","isPartOf":{"@id":"https:\/\/vae-perpignan.fr\/#website"},"datePublished":"2024-05-28T08:15:25+00:00","dateModified":"2025-11-14T09:54:51+00:00","breadcrumb":{"@id":"https:\/\/vae-perpignan.fr\/index.php\/la-vae-pour-le-tp-adf-diplome-detat-dassistant-de-vie-aux-familles\/#breadcrumb"},"inLanguage":"en-US","potentialAction":[{"@type":"ReadAction","target":["https:\/\/vae-perpignan.fr\/index.php\/la-vae-pour-le-tp-adf-diplome-detat-dassistant-de-vie-aux-familles\/"]}]},{"@type":"BreadcrumbList","@id":"https:\/\/vae-perpignan.fr\/index.php\/la-vae-pour-le-tp-adf-diplome-detat-dassistant-de-vie-aux-familles\/#breadcrumb","itemListElement":[{"@type":"ListItem","position":1,"name":"Accueil","item":"https:\/\/vae-perpignan.fr\/"},{"@type":"ListItem","position":2,"name":"La VAE pour le TP ADF (Dipl\u00f4me d&rsquo;\u00c9tat d&rsquo;Assistant de Vie aux Familles)"}]},{"@type":"WebSite","@id":"https:\/\/vae-perpignan.fr\/#website","url":"https:\/\/vae-perpignan.fr\/","name":"VAE PERPIGNAN","description":"Validation des acquis","publisher":{"@id":"https:\/\/vae-perpignan.fr\/#organization"},"potentialAction":[{"@type":"SearchAction","target":{"@type":"EntryPoint","urlTemplate":"https:\/\/vae-perpignan.fr\/?s={search_term_string}"},"query-input":{"@type":"PropertyValueSpecification","valueRequired":true,"valueName":"search_term_string"}}],"inLanguage":"en-US"},{"@type":"Organization","@id":"https:\/\/vae-perpignan.fr\/#organization","name":"VAE PERPIGNAN","url":"https:\/\/vae-perpignan.fr\/","logo":{"@type":"ImageObject","inLanguage":"en-US","@id":"https:\/\/vae-perpignan.fr\/#\/schema\/logo\/image\/","url":"https:\/\/vae-perpignan.fr\/wp-content\/uploads\/2025\/11\/logo.jpg","contentUrl":"https:\/\/vae-perpignan.fr\/wp-content\/uploads\/2025\/11\/logo.jpg","width":512,"height":512,"caption":"VAE PERPIGNAN"},"image":{"@id":"https:\/\/vae-perpignan.fr\/#\/schema\/logo\/image\/"}}]}},"_links":{"self":[{"href":"https:\/\/vae-perpignan.fr\/index.php\/wp-json\/wp\/v2\/pages\/355","targetHints":{"allow":["GET"]}}],"collection":[{"href":"https:\/\/vae-perpignan.fr\/index.php\/wp-json\/wp\/v2\/pages"}],"about":[{"href":"https:\/\/vae-perpignan.fr\/index.php\/wp-json\/wp\/v2\/types\/page"}],"author":[{"embeddable":true,"href":"https:\/\/vae-perpignan.fr\/index.php\/wp-json\/wp\/v2\/users\/1"}],"replies":[{"embeddable":true,"href":"https:\/\/vae-perpignan.fr\/index.php\/wp-json\/wp\/v2\/comments?post=355"}],"version-history":[{"count":6,"href":"https:\/\/vae-perpignan.fr\/index.php\/wp-json\/wp\/v2\/pages\/355\/revisions"}],"predecessor-version":[{"id":987511819,"href":"https:\/\/vae-perpignan.fr\/index.php\/wp-json\/wp\/v2\/pages\/355\/revisions\/987511819"}],"wp:attachment":[{"href":"https:\/\/vae-perpignan.fr\/index.php\/wp-json\/wp\/v2\/media?parent=355"}],"curies":[{"name":"wp","href":"https:\/\/api.w.org\/{rel}","templated":true}]}}