{"id":329,"date":"2024-05-28T10:13:25","date_gmt":"2024-05-28T08:13:25","guid":{"rendered":"https:\/\/vae-perpignan.fr\/?page_id=329"},"modified":"2026-02-17T12:30:40","modified_gmt":"2026-02-17T11:30:40","slug":"financement-vae","status":"publish","type":"page","link":"https:\/\/vae-perpignan.fr\/index.php\/financement-vae\/","title":{"rendered":"Financement VAE"},"content":{"rendered":"<p>[et_pb_section fb_built=&#8221;1&#8243; prev_background_color=&#8221;#ffffff&#8221; admin_label=&#8221;Services&#8221; _builder_version=&#8221;4.27.4&#8243; background_enable_color=&#8221;off&#8221; use_background_color_gradient=&#8221;on&#8221; background_color_gradient_stops=&#8221;#ffffff 0%|#ff9100 65%&#8221; background_color_gradient_start=&#8221;#fff6ef&#8221; background_color_gradient_end=&#8221;#ffffff&#8221; background_enable_image=&#8221;off&#8221; background_size=&#8221;initial&#8221; background_position=&#8221;bottom_center&#8221; custom_padding=&#8221;4vw|||||&#8221; top_divider_style=&#8221;wave&#8221; top_divider_height=&#8221;20vw&#8221; global_colors_info=&#8221;{%22gcid-93bd27be-ee8c-4a4c-b05e-12d423f44edd%22:%91%22background_color%22%93}&#8221;][et_pb_row _builder_version=&#8221;4.27.4&#8243; custom_padding=&#8221;65px||0px|||&#8221; global_colors_info=&#8221;{}&#8221;][et_pb_column type=&#8221;4_4&#8243; _builder_version=&#8221;4.16&#8243; custom_padding=&#8221;|||&#8221; global_colors_info=&#8221;{}&#8221; custom_padding__hover=&#8221;|||&#8221;][et_pb_text _builder_version=&#8221;4.27.4&#8243; _module_preset=&#8221;b6cb9bd8-0fbd-4699-b58d-51b3d480db23&#8243; header_2_font=&#8221;Poppins|600|||||||&#8221; header_2_text_color=&#8221;gcid-5fc09de2-a372-49da-9db2-141c6c98b008&#8243; header_2_font_size=&#8221;30px&#8221; header_2_line_height=&#8221;1.3em&#8221; custom_margin=&#8221;||10px||false|false&#8221; header_2_font_size_tablet=&#8221;32px&#8221; header_2_font_size_phone=&#8221;20px&#8221; header_2_font_size_last_edited=&#8221;on|tablet&#8221; header_2_line_height_tablet=&#8221;1.4em&#8221; header_2_line_height_phone=&#8221;1.6em&#8221; header_2_line_height_last_edited=&#8221;on|tablet&#8221; header_2_text_shadow_style=&#8221;preset2&#8243; header_2_text_shadow_color=&#8221;rgba(0,0,0,0.2)&#8221; locked=&#8221;off&#8221; global_colors_info=&#8221;{%22gcid-5fc09de2-a372-49da-9db2-141c6c98b008%22:%91%22header_2_text_color%22%93}&#8221;]<\/p>\n<h2>Le financement et l&#8217;accompagnement de votre parcours France VAE<\/h2>\n<p>[\/et_pb_text][\/et_pb_column][\/et_pb_row][et_pb_row _builder_version=&#8221;4.27.4&#8243; background_color=&#8221;#ffffff&#8221; background_size=&#8221;initial&#8221; background_position=&#8221;bottom_right&#8221; custom_padding=&#8221;36px|30px|31px|30px|false|true&#8221; border_radii=&#8221;|10px|10px||&#8221; box_shadow_style=&#8221;preset3&#8243; box_shadow_vertical=&#8221;90px&#8221; box_shadow_blur=&#8221;180px&#8221; box_shadow_spread=&#8221;-30px&#8221; box_shadow_color=&#8221;rgba(0,0,0,0.12)&#8221; global_colors_info=&#8221;{}&#8221;][et_pb_column type=&#8221;4_4&#8243; _builder_version=&#8221;4.16&#8243; custom_padding=&#8221;|||&#8221; global_colors_info=&#8221;{}&#8221; custom_padding__hover=&#8221;|||&#8221;][et_pb_text _builder_version=&#8221;4.27.5&#8243; _module_preset=&#8221;default&#8221; text_font=&#8221;Poppins||||||||&#8221; text_text_color=&#8221;#000000&#8243; text_font_size=&#8221;15px&#8221; hover_enabled=&#8221;0&#8243; global_colors_info=&#8221;{}&#8221; sticky_enabled=&#8221;0&#8243;]<strong>Financement<\/strong><br \/>\n> CPF : reste \u00e0 charge r\u00e9glementaire de 103,20\u20ac pour 2026 (revaloris\u00e9 chaque ann\u00e9e)<br \/>\n> FT : en line avec le montant CPF, financement du reste \u00e0 charge jusqu\u2019\u00e0 2000\u20ac &#8211; Pas de reste \u00e0 charge r\u00e9glementaire.<br \/>\n> Employeur : abondement volontaire de l\u2019employeur sur le CPF du montant souhait\u00e9 &#8211; Pas de reste \u00e0 charge r\u00e9glementaire.<br \/>\n > OPCO : dans le cadre du Plan de D\u00e9veloppement des Comp\u00e9tences (PDC) ou en fonction des accords de branches &#8211; Pas de reste \u00e0 charge r\u00e9glementaire.<br \/>\n> Financement personnel: modalit\u00e9s de paiement en plusieurs fois &#8211; nous solliciter <\/p>\n<p><strong>D\u00e9roulement du parcours<\/strong><br \/>\nLa dur\u00e9e d&#8217;un parcours VAE est variable, g\u00e9n\u00e9ralement entre 6 et 8 mois pour certains dipl\u00f4mes. Cette dur\u00e9e d\u00e9pend de plusieurs facteurs, tels que :<br \/>\nLes disponibilit\u00e9s du certificateur (organisme qui d\u00e9livre le dipl\u00f4me)<br \/>\nLe temps que vous pouvez consacrer \u00e0 la r\u00e9daction de votre dossier de validation<br \/>\nL&#8217;accompagnement personnalis\u00e9 de l&#8217;AAP<\/p>\n<p><strong>L&#8217;architecte-accompagnateur de parcours (AAP)<\/strong><br \/>\nL&#8217;AAP est un professionnel sp\u00e9cialis\u00e9 dans l&#8217;accompagnement des candidats en VAE. Il joue un r\u00f4le crucial tout au long de votre parcours :<br \/>\nIl vous aide \u00e0 choisir le dipl\u00f4me le plus adapt\u00e9 \u00e0 vos objectifs et \u00e0 votre situation.<br \/>\nIl construit avec vous un parcours d&#8217;accompagnement personnalis\u00e9, compos\u00e9 de sessions individuelles et collectives.<br \/>\nIl vous guide dans la r\u00e9daction du dossier de validation, en vous indiquant les attentes du jury.<br \/>\nIl peut vous proposer des formations compl\u00e9mentaires courtes pour acqu\u00e9rir des comp\u00e9tences n\u00e9cessaires \u00e0 l&#8217;obtention du dipl\u00f4me.<br \/>\nIl vous pr\u00e9pare \u00e0 l&#8217;entretien avec le jury en vous conseillant et en vous rassurant.<br \/>\nL&#8217;AAP est un v\u00e9ritable soutien et un atout pr\u00e9cieux pour r\u00e9ussir votre VAE.<\/p>\n<p><strong>\u00c9tape de recevabilit\u00e9<\/strong><br \/>\nVotre AAP constituera un dossier de faisabilit\u00e9 \u00e0 partir de vos entretiens. Ce dossier sera ensuite transmis au certificateur pour qu&#8217;il statue sur votre recevabilit\u00e9 dans un d\u00e9lai de 2 mois. Vous serez inform\u00e9 de la d\u00e9cision par email.[\/et_pb_text][\/et_pb_column][\/et_pb_row][\/et_pb_section][et_pb_section fb_built=&#8221;1&#8243; _builder_version=&#8221;4.27.4&#8243; _module_preset=&#8221;default&#8221; background_color=&#8221;gcid-5fc09de2-a372-49da-9db2-141c6c98b008&#8243; global_colors_info=&#8221;{%22gcid-5fc09de2-a372-49da-9db2-141c6c98b008%22:%91%22background_color%22%93}&#8221;][et_pb_row _builder_version=&#8221;4.25.1&#8243; _module_preset=&#8221;default&#8221; global_colors_info=&#8221;{}&#8221;][et_pb_column type=&#8221;4_4&#8243; _builder_version=&#8221;4.25.1&#8243; _module_preset=&#8221;default&#8221; global_colors_info=&#8221;{}&#8221;][et_pb_button button_url=&#8221;https:\/\/vae.gouv.fr\/&#8221; button_text=&#8221;D\u00e9couvrir le site France VAE&#8221; button_alignment=&#8221;center&#8221; _builder_version=&#8221;4.25.1&#8243; _module_preset=&#8221;default&#8221; custom_button=&#8221;on&#8221; button_text_color=&#8221;#FFFFFF&#8221; global_colors_info=&#8221;{}&#8221;][\/et_pb_button][\/et_pb_column][\/et_pb_row][\/et_pb_section]<\/p>\n","protected":false},"excerpt":{"rendered":"<p>Le financement et l&#8217;accompagnement de votre parcours France VAEFinancement > CPF : reste \u00e0 charge r\u00e9glementaire de 103,20\u20ac pour 2026 (revaloris\u00e9 chaque ann\u00e9e) > FT : en line avec le montant CPF, financement du reste \u00e0 charge jusqu\u2019\u00e0 2000\u20ac &#8211; Pas de reste \u00e0 charge r\u00e9glementaire. > Employeur : abondement volontaire de l\u2019employeur sur le [&hellip;]<\/p>\n","protected":false},"author":1,"featured_media":0,"parent":0,"menu_order":0,"comment_status":"closed","ping_status":"closed","template":"","meta":{"_et_pb_use_builder":"on","_et_pb_old_content":"","_et_gb_content_width":"","footnotes":""},"class_list":["post-329","page","type-page","status-publish","hentry"],"yoast_head":"<!-- This site is optimized with the Yoast SEO plugin v27.3 - https:\/\/yoast.com\/product\/yoast-seo-wordpress\/ -->\n<title>Financement VAE - VAE PERPIGNAN<\/title>\n<meta name=\"robots\" content=\"index, follow, max-snippet:-1, max-image-preview:large, max-video-preview:-1\" \/>\n<link rel=\"canonical\" href=\"https:\/\/vae-perpignan.fr\/index.php\/financement-vae\/\" \/>\n<meta property=\"og:locale\" content=\"en_US\" \/>\n<meta property=\"og:type\" content=\"article\" \/>\n<meta property=\"og:title\" content=\"Financement VAE - VAE PERPIGNAN\" \/>\n<meta property=\"og:description\" content=\"Le financement et l&#039;accompagnement de votre parcours France VAEFinancement &gt; CPF : reste \u00e0 charge r\u00e9glementaire de 103,20\u20ac pour 2026 (revaloris\u00e9 chaque ann\u00e9e) &gt; FT : en line avec le montant CPF, financement du reste \u00e0 charge jusqu\u2019\u00e0 2000\u20ac - Pas de reste \u00e0 charge r\u00e9glementaire. &gt; Employeur : abondement volontaire de l\u2019employeur sur le [&hellip;]\" \/>\n<meta property=\"og:url\" content=\"https:\/\/vae-perpignan.fr\/index.php\/financement-vae\/\" \/>\n<meta property=\"og:site_name\" content=\"VAE PERPIGNAN\" \/>\n<meta property=\"article:modified_time\" content=\"2026-02-17T11:30:40+00:00\" \/>\n<script type=\"application\/ld+json\" class=\"yoast-schema-graph\">{\"@context\":\"https:\\\/\\\/schema.org\",\"@graph\":[{\"@type\":\"WebPage\",\"@id\":\"https:\\\/\\\/vae-perpignan.fr\\\/index.php\\\/financement-vae\\\/\",\"url\":\"https:\\\/\\\/vae-perpignan.fr\\\/index.php\\\/financement-vae\\\/\",\"name\":\"Financement VAE - VAE PERPIGNAN\",\"isPartOf\":{\"@id\":\"https:\\\/\\\/vae-perpignan.fr\\\/#website\"},\"datePublished\":\"2024-05-28T08:13:25+00:00\",\"dateModified\":\"2026-02-17T11:30:40+00:00\",\"breadcrumb\":{\"@id\":\"https:\\\/\\\/vae-perpignan.fr\\\/index.php\\\/financement-vae\\\/#breadcrumb\"},\"inLanguage\":\"en-US\",\"potentialAction\":[{\"@type\":\"ReadAction\",\"target\":[\"https:\\\/\\\/vae-perpignan.fr\\\/index.php\\\/financement-vae\\\/\"]}]},{\"@type\":\"BreadcrumbList\",\"@id\":\"https:\\\/\\\/vae-perpignan.fr\\\/index.php\\\/financement-vae\\\/#breadcrumb\",\"itemListElement\":[{\"@type\":\"ListItem\",\"position\":1,\"name\":\"Accueil\",\"item\":\"https:\\\/\\\/vae-perpignan.fr\\\/\"},{\"@type\":\"ListItem\",\"position\":2,\"name\":\"Financement VAE\"}]},{\"@type\":\"WebSite\",\"@id\":\"https:\\\/\\\/vae-perpignan.fr\\\/#website\",\"url\":\"https:\\\/\\\/vae-perpignan.fr\\\/\",\"name\":\"VAE PERPIGNAN\",\"description\":\"Validation des acquis\",\"publisher\":{\"@id\":\"https:\\\/\\\/vae-perpignan.fr\\\/#organization\"},\"potentialAction\":[{\"@type\":\"SearchAction\",\"target\":{\"@type\":\"EntryPoint\",\"urlTemplate\":\"https:\\\/\\\/vae-perpignan.fr\\\/?s={search_term_string}\"},\"query-input\":{\"@type\":\"PropertyValueSpecification\",\"valueRequired\":true,\"valueName\":\"search_term_string\"}}],\"inLanguage\":\"en-US\"},{\"@type\":\"Organization\",\"@id\":\"https:\\\/\\\/vae-perpignan.fr\\\/#organization\",\"name\":\"VAE PERPIGNAN\",\"url\":\"https:\\\/\\\/vae-perpignan.fr\\\/\",\"logo\":{\"@type\":\"ImageObject\",\"inLanguage\":\"en-US\",\"@id\":\"https:\\\/\\\/vae-perpignan.fr\\\/#\\\/schema\\\/logo\\\/image\\\/\",\"url\":\"https:\\\/\\\/vae-perpignan.fr\\\/wp-content\\\/uploads\\\/2025\\\/11\\\/logo.jpg\",\"contentUrl\":\"https:\\\/\\\/vae-perpignan.fr\\\/wp-content\\\/uploads\\\/2025\\\/11\\\/logo.jpg\",\"width\":512,\"height\":512,\"caption\":\"VAE PERPIGNAN\"},\"image\":{\"@id\":\"https:\\\/\\\/vae-perpignan.fr\\\/#\\\/schema\\\/logo\\\/image\\\/\"}}]}<\/script>\n<!-- \/ Yoast SEO plugin. -->","yoast_head_json":{"title":"Financement VAE - VAE PERPIGNAN","robots":{"index":"index","follow":"follow","max-snippet":"max-snippet:-1","max-image-preview":"max-image-preview:large","max-video-preview":"max-video-preview:-1"},"canonical":"https:\/\/vae-perpignan.fr\/index.php\/financement-vae\/","og_locale":"en_US","og_type":"article","og_title":"Financement VAE - VAE PERPIGNAN","og_description":"Le financement et l'accompagnement de votre parcours France VAEFinancement > CPF : reste \u00e0 charge r\u00e9glementaire de 103,20\u20ac pour 2026 (revaloris\u00e9 chaque ann\u00e9e) > FT : en line avec le montant CPF, financement du reste \u00e0 charge jusqu\u2019\u00e0 2000\u20ac - Pas de reste \u00e0 charge r\u00e9glementaire. > Employeur : abondement volontaire de l\u2019employeur sur le [&hellip;]","og_url":"https:\/\/vae-perpignan.fr\/index.php\/financement-vae\/","og_site_name":"VAE PERPIGNAN","article_modified_time":"2026-02-17T11:30:40+00:00","schema":{"@context":"https:\/\/schema.org","@graph":[{"@type":"WebPage","@id":"https:\/\/vae-perpignan.fr\/index.php\/financement-vae\/","url":"https:\/\/vae-perpignan.fr\/index.php\/financement-vae\/","name":"Financement VAE - VAE PERPIGNAN","isPartOf":{"@id":"https:\/\/vae-perpignan.fr\/#website"},"datePublished":"2024-05-28T08:13:25+00:00","dateModified":"2026-02-17T11:30:40+00:00","breadcrumb":{"@id":"https:\/\/vae-perpignan.fr\/index.php\/financement-vae\/#breadcrumb"},"inLanguage":"en-US","potentialAction":[{"@type":"ReadAction","target":["https:\/\/vae-perpignan.fr\/index.php\/financement-vae\/"]}]},{"@type":"BreadcrumbList","@id":"https:\/\/vae-perpignan.fr\/index.php\/financement-vae\/#breadcrumb","itemListElement":[{"@type":"ListItem","position":1,"name":"Accueil","item":"https:\/\/vae-perpignan.fr\/"},{"@type":"ListItem","position":2,"name":"Financement VAE"}]},{"@type":"WebSite","@id":"https:\/\/vae-perpignan.fr\/#website","url":"https:\/\/vae-perpignan.fr\/","name":"VAE PERPIGNAN","description":"Validation des acquis","publisher":{"@id":"https:\/\/vae-perpignan.fr\/#organization"},"potentialAction":[{"@type":"SearchAction","target":{"@type":"EntryPoint","urlTemplate":"https:\/\/vae-perpignan.fr\/?s={search_term_string}"},"query-input":{"@type":"PropertyValueSpecification","valueRequired":true,"valueName":"search_term_string"}}],"inLanguage":"en-US"},{"@type":"Organization","@id":"https:\/\/vae-perpignan.fr\/#organization","name":"VAE PERPIGNAN","url":"https:\/\/vae-perpignan.fr\/","logo":{"@type":"ImageObject","inLanguage":"en-US","@id":"https:\/\/vae-perpignan.fr\/#\/schema\/logo\/image\/","url":"https:\/\/vae-perpignan.fr\/wp-content\/uploads\/2025\/11\/logo.jpg","contentUrl":"https:\/\/vae-perpignan.fr\/wp-content\/uploads\/2025\/11\/logo.jpg","width":512,"height":512,"caption":"VAE PERPIGNAN"},"image":{"@id":"https:\/\/vae-perpignan.fr\/#\/schema\/logo\/image\/"}}]}},"_links":{"self":[{"href":"https:\/\/vae-perpignan.fr\/index.php\/wp-json\/wp\/v2\/pages\/329","targetHints":{"allow":["GET"]}}],"collection":[{"href":"https:\/\/vae-perpignan.fr\/index.php\/wp-json\/wp\/v2\/pages"}],"about":[{"href":"https:\/\/vae-perpignan.fr\/index.php\/wp-json\/wp\/v2\/types\/page"}],"author":[{"embeddable":true,"href":"https:\/\/vae-perpignan.fr\/index.php\/wp-json\/wp\/v2\/users\/1"}],"replies":[{"embeddable":true,"href":"https:\/\/vae-perpignan.fr\/index.php\/wp-json\/wp\/v2\/comments?post=329"}],"version-history":[{"count":9,"href":"https:\/\/vae-perpignan.fr\/index.php\/wp-json\/wp\/v2\/pages\/329\/revisions"}],"predecessor-version":[{"id":987511861,"href":"https:\/\/vae-perpignan.fr\/index.php\/wp-json\/wp\/v2\/pages\/329\/revisions\/987511861"}],"wp:attachment":[{"href":"https:\/\/vae-perpignan.fr\/index.php\/wp-json\/wp\/v2\/media?parent=329"}],"curies":[{"name":"wp","href":"https:\/\/api.w.org\/{rel}","templated":true}]}}