{"id":311,"date":"2024-05-27T16:00:00","date_gmt":"2024-05-27T14:00:00","guid":{"rendered":"https:\/\/vae-perpignan.fr\/?page_id=311"},"modified":"2025-11-14T11:20:33","modified_gmt":"2025-11-14T10:20:33","slug":"notre-aap-et-nos-accompagnateurs-vae","status":"publish","type":"page","link":"https:\/\/vae-perpignan.fr\/index.php\/notre-aap-et-nos-accompagnateurs-vae\/","title":{"rendered":"Notre AAP et nos accompagnateurs VAE"},"content":{"rendered":"<p>[et_pb_section fb_built=&#8221;1&#8243; prev_background_color=&#8221;#ffffff&#8221; admin_label=&#8221;Services&#8221; _builder_version=&#8221;4.27.4&#8243; background_enable_color=&#8221;off&#8221; use_background_color_gradient=&#8221;on&#8221; background_color_gradient_stops=&#8221;#ffffff 0%|gcid-6e90a7ba-9f6a-49bc-b55d-b1cc4bdc49aa 65%&#8221; background_color_gradient_start=&#8221;#fff6ef&#8221; background_color_gradient_end=&#8221;#ffffff&#8221; background_enable_image=&#8221;off&#8221; background_size=&#8221;initial&#8221; background_position=&#8221;bottom_center&#8221; custom_margin=&#8221;1px|||||&#8221; custom_padding=&#8221;4vw|||||&#8221; top_divider_style=&#8221;wave&#8221; top_divider_height=&#8221;20vw&#8221; hover_enabled=&#8221;0&#8243; global_colors_info=&#8221;{%22gcid-6e90a7ba-9f6a-49bc-b55d-b1cc4bdc49aa%22:%91%22background_color_gradient_stops%22%93}&#8221; sticky_enabled=&#8221;0&#8243;][et_pb_row _builder_version=&#8221;4.16&#8243; custom_padding=&#8221;65px||0px|||&#8221; global_colors_info=&#8221;{}&#8221;][et_pb_column type=&#8221;4_4&#8243; _builder_version=&#8221;4.16&#8243; custom_padding=&#8221;|||&#8221; global_colors_info=&#8221;{}&#8221; custom_padding__hover=&#8221;|||&#8221;][et_pb_text _builder_version=&#8221;4.27.4&#8243; _module_preset=&#8221;b6cb9bd8-0fbd-4699-b58d-51b3d480db23&#8243; header_2_font=&#8221;Poppins|600|||||||&#8221; header_2_text_color=&#8221;gcid-5fc09de2-a372-49da-9db2-141c6c98b008&#8243; header_2_font_size=&#8221;30px&#8221; header_2_line_height=&#8221;1.3em&#8221; custom_margin=&#8221;||10px||false|false&#8221; hover_enabled=&#8221;0&#8243; header_2_font_size_tablet=&#8221;32px&#8221; header_2_font_size_phone=&#8221;20px&#8221; header_2_font_size_last_edited=&#8221;on|tablet&#8221; header_2_line_height_tablet=&#8221;1.4em&#8221; header_2_line_height_phone=&#8221;1.6em&#8221; header_2_line_height_last_edited=&#8221;on|tablet&#8221; header_2_text_shadow_style=&#8221;preset2&#8243; locked=&#8221;off&#8221; global_colors_info=&#8221;{%22gcid-5fc09de2-a372-49da-9db2-141c6c98b008%22:%91%22header_2_text_color%22%93}&#8221; sticky_enabled=&#8221;0&#8243;]<\/p>\n<h2>L&#8217;AAP, Accompagnateur Architecte de Parcours : Un pilier du dispositif VAE<\/h2>\n<p>[\/et_pb_text][\/et_pb_column][\/et_pb_row][et_pb_row _builder_version=&#8221;4.27.4&#8243; background_color=&#8221;#ffffff&#8221; background_size=&#8221;initial&#8221; background_position=&#8221;bottom_right&#8221; custom_padding=&#8221;36px|30px|31px|30px|false|true&#8221; hover_enabled=&#8221;0&#8243; border_radii=&#8221;|10px|10px||&#8221; box_shadow_style=&#8221;preset3&#8243; box_shadow_vertical=&#8221;90px&#8221; box_shadow_blur=&#8221;180px&#8221; box_shadow_spread=&#8221;-30px&#8221; box_shadow_color=&#8221;rgba(0,0,0,0.12)&#8221; global_colors_info=&#8221;{}&#8221; sticky_enabled=&#8221;0&#8243;][et_pb_column type=&#8221;4_4&#8243; _builder_version=&#8221;4.16&#8243; custom_padding=&#8221;|||&#8221; global_colors_info=&#8221;{}&#8221; custom_padding__hover=&#8221;|||&#8221;][et_pb_text _builder_version=&#8221;4.23.1&#8243; _module_preset=&#8221;default&#8221; text_font=&#8221;Poppins||||||||&#8221; text_text_color=&#8221;#000000&#8243; text_font_size=&#8221;15px&#8221; global_colors_info=&#8221;{}&#8221;]<\/p>\n<p>L&#8217;Accompagnateur Architecte de Parcours (AAP) joue un r\u00f4le crucial dans le nouveau dispositif de la Validation des Acquis de l&#8217;Exp\u00e9rience (VAE). V\u00e9ritable guide, il \u00e9paule les candidats tout au long de leur parcours VAE, favorisant ainsi leur r\u00e9ussite.<\/p>\n<p>Missions et responsabilit\u00e9s de l&#8217;AAP :<\/p>\n<ul>\n<li>Accompagnement individualis\u00e9<\/li>\n<li>Aide \u00e0 la constitution du dossier VAE<\/li>\n<li>Pr\u00e9paration \u00e0 l&#8217;\u00e9preuve orale<\/li>\n<li>Soutien moral et motivationnel<\/li>\n<\/ul>\n<p>Chez Medeo Formation, nous sommes fiers de notre Accompagnateur Architecte de Parcours (AAP) !<\/p>\n<p>Chez Medeo Formation, nous sommes convaincus que le succ\u00e8s en VAE repose sur un accompagnement individualis\u00e9 et de qualit\u00e9. C&#8217;est pourquoi nous sommes fiers de compter parmi notre \u00e9quipe une AAP exp\u00e9riment\u00e9e et passionn\u00e9e.<\/p>\n<p>Pauline BARDETIS :<\/p>\n<ul>\n<li>Form\u00e9e et certifi\u00e9e dans l\u2019accompagnement VAE (CPFFP)<\/li>\n<li>Sp\u00e9cialis\u00e9e dans les domaines de la sant\u00e9 et du social<\/li>\n<li>Plus de 5 ans d&#8217;exp\u00e9rience dans l&#8217;accompagnement VAE<\/li>\n<li>P\u00e9dagogue hors pair et grande capacit\u00e9 d&#8217;\u00e9coute<\/li>\n<li>Passionn\u00e9 par l&#8217;aide \u00e0 la reconversion professionnelle<\/li>\n<\/ul>\n<p>Notre AAP s&#8217;investissent pleinement dans chaque accompagnement VAE pour garantir la r\u00e9ussite des candidats. Elle met en place un plan d&#8217;action personnalis\u00e9, guide le candidat dans la constitution du dossier et le pr\u00e9pare \u00e0 l&#8217;\u00e9preuve orale. Elle est \u00e9galement pr\u00e9sente pour apporter un soutien moral et motivationnel tout au long du parcours VAE.<\/p>\n<p><strong>Nos accompagnateurs VAE :<\/strong><\/p>\n<p>Nos accompagnateurs form\u00e9s par Medeo Formation et s&#8217;engagent \u00e0 proposer un accompagnement VAE accessible \u00e0 tous.<br \/>C&#8217;est pourquoi nous offrons des formules flexibles et adaptables aux besoins de chaque candidat en pr\u00e9sentiel ou en distanciel.<\/p>\n<p>N&#8217;h\u00e9sitez pas \u00e0 contacter Medeo Formation pour une premi\u00e8re rencontre gratuite avec notre AAP.<\/p>\n<p>Elle r\u00e9pondra \u00e0 vos questions et vous aidera \u00e0 d\u00e9finir votre projet VAE.<\/p>\n<p>Medeo Formation, votre partenaire de confiance pour une VAE r\u00e9ussie et une carri\u00e8re \u00e9panouissante!<\/p>\n<p>[\/et_pb_text][\/et_pb_column][\/et_pb_row][\/et_pb_section]<\/p>\n","protected":false},"excerpt":{"rendered":"<p>L&#8217;AAP, Accompagnateur Architecte de Parcours : Un pilier du dispositif VAEL&#8217;Accompagnateur Architecte de Parcours (AAP) joue un r\u00f4le crucial dans le nouveau dispositif de la Validation des Acquis de l&#8217;Exp\u00e9rience (VAE). V\u00e9ritable guide, il \u00e9paule les candidats tout au long de leur parcours VAE, favorisant ainsi leur r\u00e9ussite. Missions et responsabilit\u00e9s de l&#8217;AAP : Accompagnement [&hellip;]<\/p>\n","protected":false},"author":1,"featured_media":0,"parent":0,"menu_order":0,"comment_status":"closed","ping_status":"closed","template":"","meta":{"_et_pb_use_builder":"on","_et_pb_old_content":"","_et_gb_content_width":"","footnotes":""},"class_list":["post-311","page","type-page","status-publish","hentry"],"yoast_head":"<!-- This site is optimized with the Yoast SEO plugin v27.3 - https:\/\/yoast.com\/product\/yoast-seo-wordpress\/ -->\n<title>Notre AAP et nos accompagnateurs VAE - VAE PERPIGNAN<\/title>\n<meta name=\"robots\" content=\"index, follow, max-snippet:-1, max-image-preview:large, max-video-preview:-1\" \/>\n<link rel=\"canonical\" href=\"https:\/\/vae-perpignan.fr\/index.php\/notre-aap-et-nos-accompagnateurs-vae\/\" \/>\n<meta property=\"og:locale\" content=\"en_US\" \/>\n<meta property=\"og:type\" content=\"article\" \/>\n<meta property=\"og:title\" content=\"Notre AAP et nos accompagnateurs VAE - VAE PERPIGNAN\" \/>\n<meta property=\"og:description\" content=\"L&#039;AAP, Accompagnateur Architecte de Parcours : Un pilier du dispositif VAEL&#039;Accompagnateur Architecte de Parcours (AAP) joue un r\u00f4le crucial dans le nouveau dispositif de la Validation des Acquis de l&#039;Exp\u00e9rience (VAE). V\u00e9ritable guide, il \u00e9paule les candidats tout au long de leur parcours VAE, favorisant ainsi leur r\u00e9ussite. Missions et responsabilit\u00e9s de l&#039;AAP : Accompagnement [&hellip;]\" \/>\n<meta property=\"og:url\" content=\"https:\/\/vae-perpignan.fr\/index.php\/notre-aap-et-nos-accompagnateurs-vae\/\" \/>\n<meta property=\"og:site_name\" content=\"VAE PERPIGNAN\" \/>\n<meta property=\"article:modified_time\" content=\"2025-11-14T10:20:33+00:00\" \/>\n<script type=\"application\/ld+json\" class=\"yoast-schema-graph\">{\"@context\":\"https:\\\/\\\/schema.org\",\"@graph\":[{\"@type\":\"WebPage\",\"@id\":\"https:\\\/\\\/vae-perpignan.fr\\\/index.php\\\/notre-aap-et-nos-accompagnateurs-vae\\\/\",\"url\":\"https:\\\/\\\/vae-perpignan.fr\\\/index.php\\\/notre-aap-et-nos-accompagnateurs-vae\\\/\",\"name\":\"Notre AAP et nos accompagnateurs VAE - VAE PERPIGNAN\",\"isPartOf\":{\"@id\":\"https:\\\/\\\/vae-perpignan.fr\\\/#website\"},\"datePublished\":\"2024-05-27T14:00:00+00:00\",\"dateModified\":\"2025-11-14T10:20:33+00:00\",\"breadcrumb\":{\"@id\":\"https:\\\/\\\/vae-perpignan.fr\\\/index.php\\\/notre-aap-et-nos-accompagnateurs-vae\\\/#breadcrumb\"},\"inLanguage\":\"en-US\",\"potentialAction\":[{\"@type\":\"ReadAction\",\"target\":[\"https:\\\/\\\/vae-perpignan.fr\\\/index.php\\\/notre-aap-et-nos-accompagnateurs-vae\\\/\"]}]},{\"@type\":\"BreadcrumbList\",\"@id\":\"https:\\\/\\\/vae-perpignan.fr\\\/index.php\\\/notre-aap-et-nos-accompagnateurs-vae\\\/#breadcrumb\",\"itemListElement\":[{\"@type\":\"ListItem\",\"position\":1,\"name\":\"Accueil\",\"item\":\"https:\\\/\\\/vae-perpignan.fr\\\/\"},{\"@type\":\"ListItem\",\"position\":2,\"name\":\"Notre AAP et nos accompagnateurs VAE\"}]},{\"@type\":\"WebSite\",\"@id\":\"https:\\\/\\\/vae-perpignan.fr\\\/#website\",\"url\":\"https:\\\/\\\/vae-perpignan.fr\\\/\",\"name\":\"VAE PERPIGNAN\",\"description\":\"Validation des acquis\",\"publisher\":{\"@id\":\"https:\\\/\\\/vae-perpignan.fr\\\/#organization\"},\"potentialAction\":[{\"@type\":\"SearchAction\",\"target\":{\"@type\":\"EntryPoint\",\"urlTemplate\":\"https:\\\/\\\/vae-perpignan.fr\\\/?s={search_term_string}\"},\"query-input\":{\"@type\":\"PropertyValueSpecification\",\"valueRequired\":true,\"valueName\":\"search_term_string\"}}],\"inLanguage\":\"en-US\"},{\"@type\":\"Organization\",\"@id\":\"https:\\\/\\\/vae-perpignan.fr\\\/#organization\",\"name\":\"VAE PERPIGNAN\",\"url\":\"https:\\\/\\\/vae-perpignan.fr\\\/\",\"logo\":{\"@type\":\"ImageObject\",\"inLanguage\":\"en-US\",\"@id\":\"https:\\\/\\\/vae-perpignan.fr\\\/#\\\/schema\\\/logo\\\/image\\\/\",\"url\":\"https:\\\/\\\/vae-perpignan.fr\\\/wp-content\\\/uploads\\\/2025\\\/11\\\/logo.jpg\",\"contentUrl\":\"https:\\\/\\\/vae-perpignan.fr\\\/wp-content\\\/uploads\\\/2025\\\/11\\\/logo.jpg\",\"width\":512,\"height\":512,\"caption\":\"VAE PERPIGNAN\"},\"image\":{\"@id\":\"https:\\\/\\\/vae-perpignan.fr\\\/#\\\/schema\\\/logo\\\/image\\\/\"}}]}<\/script>\n<!-- \/ Yoast SEO plugin. -->","yoast_head_json":{"title":"Notre AAP et nos accompagnateurs VAE - VAE PERPIGNAN","robots":{"index":"index","follow":"follow","max-snippet":"max-snippet:-1","max-image-preview":"max-image-preview:large","max-video-preview":"max-video-preview:-1"},"canonical":"https:\/\/vae-perpignan.fr\/index.php\/notre-aap-et-nos-accompagnateurs-vae\/","og_locale":"en_US","og_type":"article","og_title":"Notre AAP et nos accompagnateurs VAE - VAE PERPIGNAN","og_description":"L'AAP, Accompagnateur Architecte de Parcours : Un pilier du dispositif VAEL'Accompagnateur Architecte de Parcours (AAP) joue un r\u00f4le crucial dans le nouveau dispositif de la Validation des Acquis de l'Exp\u00e9rience (VAE). V\u00e9ritable guide, il \u00e9paule les candidats tout au long de leur parcours VAE, favorisant ainsi leur r\u00e9ussite. Missions et responsabilit\u00e9s de l'AAP : Accompagnement [&hellip;]","og_url":"https:\/\/vae-perpignan.fr\/index.php\/notre-aap-et-nos-accompagnateurs-vae\/","og_site_name":"VAE PERPIGNAN","article_modified_time":"2025-11-14T10:20:33+00:00","schema":{"@context":"https:\/\/schema.org","@graph":[{"@type":"WebPage","@id":"https:\/\/vae-perpignan.fr\/index.php\/notre-aap-et-nos-accompagnateurs-vae\/","url":"https:\/\/vae-perpignan.fr\/index.php\/notre-aap-et-nos-accompagnateurs-vae\/","name":"Notre AAP et nos accompagnateurs VAE - VAE PERPIGNAN","isPartOf":{"@id":"https:\/\/vae-perpignan.fr\/#website"},"datePublished":"2024-05-27T14:00:00+00:00","dateModified":"2025-11-14T10:20:33+00:00","breadcrumb":{"@id":"https:\/\/vae-perpignan.fr\/index.php\/notre-aap-et-nos-accompagnateurs-vae\/#breadcrumb"},"inLanguage":"en-US","potentialAction":[{"@type":"ReadAction","target":["https:\/\/vae-perpignan.fr\/index.php\/notre-aap-et-nos-accompagnateurs-vae\/"]}]},{"@type":"BreadcrumbList","@id":"https:\/\/vae-perpignan.fr\/index.php\/notre-aap-et-nos-accompagnateurs-vae\/#breadcrumb","itemListElement":[{"@type":"ListItem","position":1,"name":"Accueil","item":"https:\/\/vae-perpignan.fr\/"},{"@type":"ListItem","position":2,"name":"Notre AAP et nos accompagnateurs VAE"}]},{"@type":"WebSite","@id":"https:\/\/vae-perpignan.fr\/#website","url":"https:\/\/vae-perpignan.fr\/","name":"VAE PERPIGNAN","description":"Validation des acquis","publisher":{"@id":"https:\/\/vae-perpignan.fr\/#organization"},"potentialAction":[{"@type":"SearchAction","target":{"@type":"EntryPoint","urlTemplate":"https:\/\/vae-perpignan.fr\/?s={search_term_string}"},"query-input":{"@type":"PropertyValueSpecification","valueRequired":true,"valueName":"search_term_string"}}],"inLanguage":"en-US"},{"@type":"Organization","@id":"https:\/\/vae-perpignan.fr\/#organization","name":"VAE PERPIGNAN","url":"https:\/\/vae-perpignan.fr\/","logo":{"@type":"ImageObject","inLanguage":"en-US","@id":"https:\/\/vae-perpignan.fr\/#\/schema\/logo\/image\/","url":"https:\/\/vae-perpignan.fr\/wp-content\/uploads\/2025\/11\/logo.jpg","contentUrl":"https:\/\/vae-perpignan.fr\/wp-content\/uploads\/2025\/11\/logo.jpg","width":512,"height":512,"caption":"VAE PERPIGNAN"},"image":{"@id":"https:\/\/vae-perpignan.fr\/#\/schema\/logo\/image\/"}}]}},"_links":{"self":[{"href":"https:\/\/vae-perpignan.fr\/index.php\/wp-json\/wp\/v2\/pages\/311","targetHints":{"allow":["GET"]}}],"collection":[{"href":"https:\/\/vae-perpignan.fr\/index.php\/wp-json\/wp\/v2\/pages"}],"about":[{"href":"https:\/\/vae-perpignan.fr\/index.php\/wp-json\/wp\/v2\/types\/page"}],"author":[{"embeddable":true,"href":"https:\/\/vae-perpignan.fr\/index.php\/wp-json\/wp\/v2\/users\/1"}],"replies":[{"embeddable":true,"href":"https:\/\/vae-perpignan.fr\/index.php\/wp-json\/wp\/v2\/comments?post=311"}],"version-history":[{"count":21,"href":"https:\/\/vae-perpignan.fr\/index.php\/wp-json\/wp\/v2\/pages\/311\/revisions"}],"predecessor-version":[{"id":987511837,"href":"https:\/\/vae-perpignan.fr\/index.php\/wp-json\/wp\/v2\/pages\/311\/revisions\/987511837"}],"wp:attachment":[{"href":"https:\/\/vae-perpignan.fr\/index.php\/wp-json\/wp\/v2\/media?parent=311"}],"curies":[{"name":"wp","href":"https:\/\/api.w.org\/{rel}","templated":true}]}}