{"id":300,"date":"2024-05-28T10:14:37","date_gmt":"2024-05-28T08:14:37","guid":{"rendered":"https:\/\/vae-perpignan.fr\/?page_id=300"},"modified":"2026-02-17T12:25:17","modified_gmt":"2026-02-17T11:25:17","slug":"les-etapes-de-la-vae","status":"publish","type":"page","link":"https:\/\/vae-perpignan.fr\/index.php\/les-etapes-de-la-vae\/","title":{"rendered":"Les \u00e9tapes de la VAE"},"content":{"rendered":"<p>[et_pb_section fb_built=&#8221;1&#8243; prev_background_color=&#8221;#ffffff&#8221; admin_label=&#8221;Services&#8221; _builder_version=&#8221;4.27.4&#8243; background_enable_color=&#8221;off&#8221; use_background_color_gradient=&#8221;on&#8221; background_color_gradient_stops=&#8221;#ffffff 0%|#ff9100 65%&#8221; background_color_gradient_start=&#8221;#fff6ef&#8221; background_color_gradient_end=&#8221;#ffffff&#8221; background_enable_image=&#8221;off&#8221; background_size=&#8221;initial&#8221; background_position=&#8221;bottom_center&#8221; custom_padding=&#8221;4vw|||||&#8221; top_divider_style=&#8221;wave&#8221; top_divider_height=&#8221;20vw&#8221; global_colors_info=&#8221;{%22gcid-93bd27be-ee8c-4a4c-b05e-12d423f44edd%22:%91%22background_color%22%93,%22gcid-6e90a7ba-9f6a-49bc-b55d-b1cc4bdc49aa%22:%91%22background_color_gradient_stops%22%93}&#8221;][et_pb_row _builder_version=&#8221;4.16&#8243; custom_padding=&#8221;65px||0px|||&#8221; global_colors_info=&#8221;{}&#8221;][et_pb_column type=&#8221;4_4&#8243; _builder_version=&#8221;4.16&#8243; custom_padding=&#8221;|||&#8221; global_colors_info=&#8221;{}&#8221; custom_padding__hover=&#8221;|||&#8221;][et_pb_text _builder_version=&#8221;4.27.5&#8243; _module_preset=&#8221;b6cb9bd8-0fbd-4699-b58d-51b3d480db23&#8243; header_2_font=&#8221;Poppins|600|||||||&#8221; header_2_text_color=&#8221;gcid-5fc09de2-a372-49da-9db2-141c6c98b008&#8243; header_2_font_size=&#8221;30px&#8221; header_2_line_height=&#8221;1.3em&#8221; custom_margin=&#8221;||10px||false|false&#8221; hover_enabled=&#8221;0&#8243; header_2_font_size_tablet=&#8221;32px&#8221; header_2_font_size_phone=&#8221;20px&#8221; header_2_font_size_last_edited=&#8221;on|tablet&#8221; header_2_line_height_tablet=&#8221;1.4em&#8221; header_2_line_height_phone=&#8221;1.6em&#8221; header_2_line_height_last_edited=&#8221;on|tablet&#8221; header_2_text_shadow_style=&#8221;preset2&#8243; locked=&#8221;off&#8221; global_colors_info=&#8221;{%22gcid-5fc09de2-a372-49da-9db2-141c6c98b008%22:%91%22header_2_text_color%22%93}&#8221; sticky_enabled=&#8221;0&#8243;]<\/p>\n<h2>Les \u00e9tapes cl\u00e9s du parcours France VAE<\/h2>\n<p>[\/et_pb_text][\/et_pb_column][\/et_pb_row][et_pb_row _builder_version=&#8221;4.27.4&#8243; background_color=&#8221;#ffffff&#8221; background_size=&#8221;initial&#8221; background_position=&#8221;bottom_right&#8221; custom_padding=&#8221;36px|30px|31px|30px|false|true&#8221; border_radii=&#8221;|10px|10px||&#8221; box_shadow_style=&#8221;preset3&#8243; box_shadow_vertical=&#8221;90px&#8221; box_shadow_blur=&#8221;180px&#8221; box_shadow_spread=&#8221;-30px&#8221; box_shadow_color=&#8221;rgba(0,0,0,0.12)&#8221; global_colors_info=&#8221;{}&#8221;][et_pb_column type=&#8221;4_4&#8243; _builder_version=&#8221;4.16&#8243; custom_padding=&#8221;|||&#8221; global_colors_info=&#8221;{}&#8221; custom_padding__hover=&#8221;|||&#8221;][et_pb_text _builder_version=&#8221;4.23.1&#8243; _module_preset=&#8221;default&#8221; text_font=&#8221;Poppins||||||||&#8221; text_text_color=&#8221;#000000&#8243; text_font_size=&#8221;15px&#8221; global_colors_info=&#8221;{}&#8221;]<\/p>\n<ol>\n<li><strong> D\u00e9finir votre projet et candidater :<\/strong><\/li>\n<\/ol>\n<ul>\n<li style=\"font-weight: 400;\" aria-level=\"1\"><span style=\"font-weight: 400;\">Choisissez le dipl\u00f4me\u00a0que vous souhaitez obtenir en effectuant une recherche sur le site\u00a0France VAE.<\/span><\/li>\n<li style=\"font-weight: 400;\" aria-level=\"1\"><span style=\"font-weight: 400;\">V\u00e9rifiez votre \u00e9ligibilit\u00e9\u00a0en fonction de votre statut et de vos exp\u00e9riences.<\/span><\/li>\n<li style=\"font-weight: 400;\" aria-level=\"1\"><span style=\"font-weight: 400;\">Constituez votre dossier de candidature\u00a0en ligne, en pr\u00e9cisant vos motivations et en listant vos exp\u00e9riences en lien avec le dipl\u00f4me vis\u00e9.<\/span><\/li>\n<li style=\"font-weight: 400;\" aria-level=\"1\"><span style=\"font-weight: 400;\">Choisissez un organisme d&#8217;accompagnement pour vous guider tout au long de votre parcours VAE.<\/span><span style=\"font-weight: 400;\"><\/span><\/li>\n<\/ul>\n<p><span style=\"font-weight: 400;\"><\/span><\/p>\n<ol start=\"2\">\n<li><strong> Construire votre parcours personnalis\u00e9 :<\/strong><\/li>\n<\/ol>\n<ul>\n<li style=\"font-weight: 400;\" aria-level=\"1\"><span style=\"font-weight: 400;\">Rencontrez votre architecte-accompagnateur de parcours\u00a0pour \u00e9changer sur votre projet et vos besoins.<\/span><\/li>\n<li style=\"font-weight: 400;\" aria-level=\"1\"><span style=\"font-weight: 400;\">Effectuez un bilan individuel\u00a0de vos comp\u00e9tences et de votre exp\u00e9rience.<\/span><\/li>\n<li style=\"font-weight: 400;\" aria-level=\"1\"><span style=\"font-weight: 400;\">D\u00e9finissez un plan d&#8217;action personnalis\u00e9\u00a0comprenant des objectifs, des \u00e9tapes et des ressources.<\/span><\/li>\n<li style=\"font-weight: 400;\" aria-level=\"1\"><span style=\"font-weight: 400;\">B\u00e9n\u00e9ficiez d&#8217;heures d&#8217;accompagnement et de formations compl\u00e9mentaires si n\u00e9cessaire.<\/span><\/li>\n<\/ul>\n<p><span style=\"font-weight: 400;\"><\/span><\/p>\n<ol start=\"3\">\n<li><strong> Constituer votre dossier de validation :<\/strong><\/li>\n<\/ol>\n<ul>\n<li style=\"font-weight: 400;\" aria-level=\"1\"><span style=\"font-weight: 400;\">R\u00e9digez le livret 1\u00a0qui pr\u00e9sente votre parcours professionnel et extra-professionnel<\/span><span style=\"font-weight: 400;\">.<\/span><\/li>\n<li style=\"font-weight: 400;\" aria-level=\"1\"><span style=\"font-weight: 400;\">R\u00e9digez le livret 2\u00a0qui analyse vos exp\u00e9riences et les met en lien avec les comp\u00e9tences du dipl\u00f4me vis\u00e9.<\/span><\/li>\n<li style=\"font-weight: 400;\" aria-level=\"1\"><span style=\"font-weight: 400;\">Apportez la preuve de vos exp\u00e9riences\u00a0(fiches de paie, contrats de travail, attestations&#8230;).<\/span><\/li>\n<li style=\"font-weight: 400;\" aria-level=\"1\"><span style=\"font-weight: 400;\">Soyez accompagn\u00e9 par votre architecte-accompagnateur dans la r\u00e9daction et la validation de votre dossier.<\/span><\/li>\n<\/ul>\n<p><span style=\"font-weight: 400;\"><\/span><\/p>\n<ol start=\"4\">\n<li><strong> Se pr\u00e9parer \u00e0 l&#8217;entretien avec le jury :<\/strong><\/li>\n<\/ol>\n<ul>\n<li style=\"font-weight: 400;\" aria-level=\"1\"><span style=\"font-weight: 400;\">Comprenez les attentes du jury\u00a0et les crit\u00e8res d&#8217;\u00e9valuation.<\/span><\/li>\n<li style=\"font-weight: 400;\" aria-level=\"1\"><span style=\"font-weight: 400;\">Entra\u00eenez-vous \u00e0 pr\u00e9senter votre parcours\u00a0et \u00e0 valoriser vos comp\u00e9tences.<\/span><\/li>\n<li style=\"font-weight: 400;\" aria-level=\"1\"><span style=\"font-weight: 400;\">Pr\u00e9parez des r\u00e9ponses aux questions\u00a0que le jury pourrait vous poser.<\/span><\/li>\n<li style=\"font-weight: 400;\" aria-level=\"1\"><span style=\"font-weight: 400;\">B\u00e9n\u00e9ficiez d&#8217;un soutien individualis\u00e9 de la part de votre architecte-accompagnateur.<\/span><\/li>\n<\/ul>\n<p><span style=\"font-weight: 400;\"><\/span><\/p>\n<ol start=\"5\">\n<li><strong> Passer devant le jury et obtenir votre dipl\u00f4me :<\/strong><\/li>\n<\/ol>\n<ul>\n<li style=\"font-weight: 400;\" aria-level=\"1\"><span style=\"font-weight: 400;\">Pr\u00e9sentez votre dossier et vos exp\u00e9riences\u00a0au jury de professionnels et\/ou de formateurs.<\/span><\/li>\n<li style=\"font-weight: 400;\" aria-level=\"1\"><span style=\"font-weight: 400;\">R\u00e9pondez aux questions du jury\u00a0avec clart\u00e9 et confiance en vous.<\/span><\/li>\n<li style=\"font-weight: 400;\" aria-level=\"1\"><span style=\"font-weight: 400;\">Obtenez la d\u00e9cision du jury\u00a0concernant l&#8217;attribution du dipl\u00f4me, totale ou partielle.<\/span><\/li>\n<\/ul>\n<p>&nbsp;<\/p>\n<p><strong>En cas de validation partielle, vous avez la possibilit\u00e9 de:<\/strong><\/p>\n<ul>\n<li style=\"font-weight: 400;\" aria-level=\"1\"><span style=\"font-weight: 400;\">Compl\u00e9ter votre formation\u00a0pour acqu\u00e9rir les comp\u00e9tences manquantes.<\/span><\/li>\n<li style=\"font-weight: 400;\" aria-level=\"1\"><span style=\"font-weight: 400;\">Repasser devant le jury\u00a0pour obtenir la validation compl\u00e8te du dipl\u00f4me.<\/span><\/li>\n<\/ul>\n<p>&nbsp;<\/p>\n<p><span style=\"font-weight: 400;\">Medeo Formation vous accompagne \u00e0 chaque \u00e9tape du parcours France VAE pour vous garantir une exp\u00e9rience optimale et maximiser vos chances de r\u00e9ussite.<\/span><\/p>\n<p>[\/et_pb_text][et_pb_button button_text=&#8221;Processus d\u2019un parcours France VAE  en 5 \u00e9tapes&#8221; _builder_version=&#8221;4.27.5&#8243; _module_preset=&#8221;default&#8221; button_url=&#8221;http:\/\/vae-perpignan.fr\/wp-content\/uploads\/2026\/02\/MEDEO-FRANCE-VAE-glisses.pdf&#8221; hover_enabled=&#8221;0&#8243; sticky_enabled=&#8221;0&#8243;][\/et_pb_button][\/et_pb_column][\/et_pb_row][\/et_pb_section]<\/p>\n","protected":false},"excerpt":{"rendered":"<p>Les \u00e9tapes cl\u00e9s du parcours France VAE D\u00e9finir votre projet et candidater : Choisissez le dipl\u00f4me\u00a0que vous souhaitez obtenir en effectuant une recherche sur le site\u00a0France VAE. V\u00e9rifiez votre \u00e9ligibilit\u00e9\u00a0en fonction de votre statut et de vos exp\u00e9riences. Constituez votre dossier de candidature\u00a0en ligne, en pr\u00e9cisant vos motivations et en listant vos exp\u00e9riences en lien [&hellip;]<\/p>\n","protected":false},"author":1,"featured_media":0,"parent":0,"menu_order":0,"comment_status":"closed","ping_status":"closed","template":"","meta":{"_et_pb_use_builder":"on","_et_pb_old_content":"","_et_gb_content_width":"","footnotes":""},"class_list":["post-300","page","type-page","status-publish","hentry"],"yoast_head":"<!-- This site is optimized with the Yoast SEO plugin v27.3 - https:\/\/yoast.com\/product\/yoast-seo-wordpress\/ -->\n<title>Les \u00e9tapes de la VAE - VAE PERPIGNAN<\/title>\n<meta name=\"robots\" content=\"index, follow, max-snippet:-1, max-image-preview:large, max-video-preview:-1\" \/>\n<link rel=\"canonical\" href=\"https:\/\/vae-perpignan.fr\/index.php\/les-etapes-de-la-vae\/\" \/>\n<meta property=\"og:locale\" content=\"en_US\" \/>\n<meta property=\"og:type\" content=\"article\" \/>\n<meta property=\"og:title\" content=\"Les \u00e9tapes de la VAE - VAE PERPIGNAN\" \/>\n<meta property=\"og:description\" content=\"Les \u00e9tapes cl\u00e9s du parcours France VAE D\u00e9finir votre projet et candidater : Choisissez le dipl\u00f4me\u00a0que vous souhaitez obtenir en effectuant une recherche sur le site\u00a0France VAE. V\u00e9rifiez votre \u00e9ligibilit\u00e9\u00a0en fonction de votre statut et de vos exp\u00e9riences. Constituez votre dossier de candidature\u00a0en ligne, en pr\u00e9cisant vos motivations et en listant vos exp\u00e9riences en lien [&hellip;]\" \/>\n<meta property=\"og:url\" content=\"https:\/\/vae-perpignan.fr\/index.php\/les-etapes-de-la-vae\/\" \/>\n<meta property=\"og:site_name\" content=\"VAE PERPIGNAN\" \/>\n<meta property=\"article:modified_time\" content=\"2026-02-17T11:25:17+00:00\" \/>\n<script type=\"application\/ld+json\" class=\"yoast-schema-graph\">{\"@context\":\"https:\\\/\\\/schema.org\",\"@graph\":[{\"@type\":\"WebPage\",\"@id\":\"https:\\\/\\\/vae-perpignan.fr\\\/index.php\\\/les-etapes-de-la-vae\\\/\",\"url\":\"https:\\\/\\\/vae-perpignan.fr\\\/index.php\\\/les-etapes-de-la-vae\\\/\",\"name\":\"Les \u00e9tapes de la VAE - VAE PERPIGNAN\",\"isPartOf\":{\"@id\":\"https:\\\/\\\/vae-perpignan.fr\\\/#website\"},\"datePublished\":\"2024-05-28T08:14:37+00:00\",\"dateModified\":\"2026-02-17T11:25:17+00:00\",\"breadcrumb\":{\"@id\":\"https:\\\/\\\/vae-perpignan.fr\\\/index.php\\\/les-etapes-de-la-vae\\\/#breadcrumb\"},\"inLanguage\":\"en-US\",\"potentialAction\":[{\"@type\":\"ReadAction\",\"target\":[\"https:\\\/\\\/vae-perpignan.fr\\\/index.php\\\/les-etapes-de-la-vae\\\/\"]}]},{\"@type\":\"BreadcrumbList\",\"@id\":\"https:\\\/\\\/vae-perpignan.fr\\\/index.php\\\/les-etapes-de-la-vae\\\/#breadcrumb\",\"itemListElement\":[{\"@type\":\"ListItem\",\"position\":1,\"name\":\"Accueil\",\"item\":\"https:\\\/\\\/vae-perpignan.fr\\\/\"},{\"@type\":\"ListItem\",\"position\":2,\"name\":\"Les \u00e9tapes de la VAE\"}]},{\"@type\":\"WebSite\",\"@id\":\"https:\\\/\\\/vae-perpignan.fr\\\/#website\",\"url\":\"https:\\\/\\\/vae-perpignan.fr\\\/\",\"name\":\"VAE PERPIGNAN\",\"description\":\"Validation des acquis\",\"publisher\":{\"@id\":\"https:\\\/\\\/vae-perpignan.fr\\\/#organization\"},\"potentialAction\":[{\"@type\":\"SearchAction\",\"target\":{\"@type\":\"EntryPoint\",\"urlTemplate\":\"https:\\\/\\\/vae-perpignan.fr\\\/?s={search_term_string}\"},\"query-input\":{\"@type\":\"PropertyValueSpecification\",\"valueRequired\":true,\"valueName\":\"search_term_string\"}}],\"inLanguage\":\"en-US\"},{\"@type\":\"Organization\",\"@id\":\"https:\\\/\\\/vae-perpignan.fr\\\/#organization\",\"name\":\"VAE PERPIGNAN\",\"url\":\"https:\\\/\\\/vae-perpignan.fr\\\/\",\"logo\":{\"@type\":\"ImageObject\",\"inLanguage\":\"en-US\",\"@id\":\"https:\\\/\\\/vae-perpignan.fr\\\/#\\\/schema\\\/logo\\\/image\\\/\",\"url\":\"https:\\\/\\\/vae-perpignan.fr\\\/wp-content\\\/uploads\\\/2025\\\/11\\\/logo.jpg\",\"contentUrl\":\"https:\\\/\\\/vae-perpignan.fr\\\/wp-content\\\/uploads\\\/2025\\\/11\\\/logo.jpg\",\"width\":512,\"height\":512,\"caption\":\"VAE PERPIGNAN\"},\"image\":{\"@id\":\"https:\\\/\\\/vae-perpignan.fr\\\/#\\\/schema\\\/logo\\\/image\\\/\"}}]}<\/script>\n<!-- \/ Yoast SEO plugin. -->","yoast_head_json":{"title":"Les \u00e9tapes de la VAE - VAE PERPIGNAN","robots":{"index":"index","follow":"follow","max-snippet":"max-snippet:-1","max-image-preview":"max-image-preview:large","max-video-preview":"max-video-preview:-1"},"canonical":"https:\/\/vae-perpignan.fr\/index.php\/les-etapes-de-la-vae\/","og_locale":"en_US","og_type":"article","og_title":"Les \u00e9tapes de la VAE - VAE PERPIGNAN","og_description":"Les \u00e9tapes cl\u00e9s du parcours France VAE D\u00e9finir votre projet et candidater : Choisissez le dipl\u00f4me\u00a0que vous souhaitez obtenir en effectuant une recherche sur le site\u00a0France VAE. V\u00e9rifiez votre \u00e9ligibilit\u00e9\u00a0en fonction de votre statut et de vos exp\u00e9riences. Constituez votre dossier de candidature\u00a0en ligne, en pr\u00e9cisant vos motivations et en listant vos exp\u00e9riences en lien [&hellip;]","og_url":"https:\/\/vae-perpignan.fr\/index.php\/les-etapes-de-la-vae\/","og_site_name":"VAE PERPIGNAN","article_modified_time":"2026-02-17T11:25:17+00:00","schema":{"@context":"https:\/\/schema.org","@graph":[{"@type":"WebPage","@id":"https:\/\/vae-perpignan.fr\/index.php\/les-etapes-de-la-vae\/","url":"https:\/\/vae-perpignan.fr\/index.php\/les-etapes-de-la-vae\/","name":"Les \u00e9tapes de la VAE - VAE PERPIGNAN","isPartOf":{"@id":"https:\/\/vae-perpignan.fr\/#website"},"datePublished":"2024-05-28T08:14:37+00:00","dateModified":"2026-02-17T11:25:17+00:00","breadcrumb":{"@id":"https:\/\/vae-perpignan.fr\/index.php\/les-etapes-de-la-vae\/#breadcrumb"},"inLanguage":"en-US","potentialAction":[{"@type":"ReadAction","target":["https:\/\/vae-perpignan.fr\/index.php\/les-etapes-de-la-vae\/"]}]},{"@type":"BreadcrumbList","@id":"https:\/\/vae-perpignan.fr\/index.php\/les-etapes-de-la-vae\/#breadcrumb","itemListElement":[{"@type":"ListItem","position":1,"name":"Accueil","item":"https:\/\/vae-perpignan.fr\/"},{"@type":"ListItem","position":2,"name":"Les \u00e9tapes de la VAE"}]},{"@type":"WebSite","@id":"https:\/\/vae-perpignan.fr\/#website","url":"https:\/\/vae-perpignan.fr\/","name":"VAE PERPIGNAN","description":"Validation des acquis","publisher":{"@id":"https:\/\/vae-perpignan.fr\/#organization"},"potentialAction":[{"@type":"SearchAction","target":{"@type":"EntryPoint","urlTemplate":"https:\/\/vae-perpignan.fr\/?s={search_term_string}"},"query-input":{"@type":"PropertyValueSpecification","valueRequired":true,"valueName":"search_term_string"}}],"inLanguage":"en-US"},{"@type":"Organization","@id":"https:\/\/vae-perpignan.fr\/#organization","name":"VAE PERPIGNAN","url":"https:\/\/vae-perpignan.fr\/","logo":{"@type":"ImageObject","inLanguage":"en-US","@id":"https:\/\/vae-perpignan.fr\/#\/schema\/logo\/image\/","url":"https:\/\/vae-perpignan.fr\/wp-content\/uploads\/2025\/11\/logo.jpg","contentUrl":"https:\/\/vae-perpignan.fr\/wp-content\/uploads\/2025\/11\/logo.jpg","width":512,"height":512,"caption":"VAE PERPIGNAN"},"image":{"@id":"https:\/\/vae-perpignan.fr\/#\/schema\/logo\/image\/"}}]}},"_links":{"self":[{"href":"https:\/\/vae-perpignan.fr\/index.php\/wp-json\/wp\/v2\/pages\/300","targetHints":{"allow":["GET"]}}],"collection":[{"href":"https:\/\/vae-perpignan.fr\/index.php\/wp-json\/wp\/v2\/pages"}],"about":[{"href":"https:\/\/vae-perpignan.fr\/index.php\/wp-json\/wp\/v2\/types\/page"}],"author":[{"embeddable":true,"href":"https:\/\/vae-perpignan.fr\/index.php\/wp-json\/wp\/v2\/users\/1"}],"replies":[{"embeddable":true,"href":"https:\/\/vae-perpignan.fr\/index.php\/wp-json\/wp\/v2\/comments?post=300"}],"version-history":[{"count":13,"href":"https:\/\/vae-perpignan.fr\/index.php\/wp-json\/wp\/v2\/pages\/300\/revisions"}],"predecessor-version":[{"id":987511860,"href":"https:\/\/vae-perpignan.fr\/index.php\/wp-json\/wp\/v2\/pages\/300\/revisions\/987511860"}],"wp:attachment":[{"href":"https:\/\/vae-perpignan.fr\/index.php\/wp-json\/wp\/v2\/media?parent=300"}],"curies":[{"name":"wp","href":"https:\/\/api.w.org\/{rel}","templated":true}]}}